{"id":639,"date":"2023-08-04T05:03:23","date_gmt":"2023-08-04T05:03:23","guid":{"rendered":"https:\/\/idemach.com\/?page_id=639"},"modified":"2023-08-28T04:03:04","modified_gmt":"2023-08-28T04:03:04","slug":"laser-cnc","status":"publish","type":"page","link":"https:\/\/idemach.com\/index.php\/servicios\/laser-cnc\/","title":{"rendered":"Laser CNC"},"content":{"rendered":"\n<p><\/p>\n\n\n\n<div class=\"wp-block-uagb-container uagb-block-742861c8 alignfull uagb-is-root-container\"><div class=\"uagb-container-inner-blocks-wrap\">\n<div class=\"wp-block-uagb-advanced-heading uagb-block-8114b16d\"><h1 class=\"uagb-heading-text\">laser cnc<\/h1><\/div>\n<\/div><\/div>\n\n\n\n<div class=\"wp-block-uagb-info-box uagb-block-1374a846 uagb-infobox__content-wrap  uagb-infobox-icon-above-title uagb-infobox-image-valign-top\"><div class=\"uagb-ifb-content\"><div class=\"uagb-ifb-title-wrap\"><h4 class=\"uagb-ifb-title\"><strong>Descubre la Elegancia del Grabado L\u00e1ser CNC<\/strong><\/h4><\/div><p class=\"uagb-ifb-desc\">Nuestra tecnolog\u00eda CNC impulsada por l\u00e1seres de \u00faltima generaci\u00f3n nos permite crear obras de arte en una variedad de materiales. Explora c\u00f3mo estamos redefiniendo el concepto de personalizaci\u00f3n y dise\u00f1o<\/p><\/div><\/div>\n\n\n\n<div class=\"wp-block-uagb-container uagb-block-6e273f82 alignfull uagb-is-root-container\">\n<div class=\"wp-block-uagb-container uagb-block-3a6c1c75\">\n<div class=\"wp-block-uagb-info-box uagb-block-7e6477fa uagb-infobox__content-wrap  uagb-infobox-icon-above-title uagb-infobox-image-valign-top\"><div class=\"uagb-ifb-content\"><div class=\"uagb-ifb-title-wrap\"><div class=\"uagb-ifb-separator\"><\/div><h3 class=\"uagb-ifb-title\"><strong>Detalles Inigualables<\/strong><\/h3><\/div><p class=\"uagb-ifb-desc\">Cada trazo l\u00e1ser captura cada detalle, brindando resultados sorprendentemente precisos.<br><\/p><\/div><\/div>\n\n\n\n<div class=\"wp-block-uagb-info-box uagb-block-8f76c366 uagb-infobox__content-wrap  uagb-infobox-icon-above-title uagb-infobox-image-valign-top\"><div class=\"uagb-ifb-content\"><div class=\"uagb-ifb-title-wrap\"><div class=\"uagb-ifb-separator\"><\/div><h3 class=\"uagb-ifb-title\"><strong><strong>Tiempo Eficiente<\/strong><\/strong><\/h3><\/div><p class=\"uagb-ifb-desc\">Es un proceso eficiente en t\u00e9rminos de tiempo, permiti\u00e9ndote obtener resultados precisos y detallados en un tiempo reducido.<\/p><\/div><\/div>\n<\/div>\n\n\n\n<div class=\"wp-block-uagb-container uagb-block-551076ad\">\n<div class=\"wp-block-uagb-info-box uagb-block-165c4ed6 uagb-infobox__content-wrap  uagb-infobox-icon-above-title uagb-infobox-image-valign-top\"><div class=\"uagb-ifb-content\"><div class=\"uagb-ifb-title-wrap\"><div class=\"uagb-ifb-separator\"><\/div><h3 class=\"uagb-ifb-title\"><strong>Personalizaci\u00f3n Exquisita<\/strong><\/h3><\/div><p class=\"uagb-ifb-desc\">Desde nombres y logotipos hasta dise\u00f1os intrincados, transformamos tus ideas en arte grabado.<\/p><\/div><\/div>\n\n\n\n<div class=\"wp-block-uagb-info-box uagb-block-95ee04dd uagb-infobox__content-wrap  uagb-infobox-icon-above-title uagb-infobox-image-valign-top\"><div class=\"uagb-ifb-content\"><div class=\"uagb-ifb-title-wrap\"><div class=\"uagb-ifb-separator\"><\/div><h3 class=\"uagb-ifb-title\"><strong>Reproducibilidad Perfecta<\/strong><\/h3><\/div><p class=\"uagb-ifb-desc\">Gracias a la programaci\u00f3n CNC, cada grabado es completamente reproducible, asegurando que cada pieza sea id\u00e9ntica en t\u00e9rminos de dise\u00f1o y calidad.<\/p><\/div><\/div>\n<\/div>\n<\/div>\n\n\n\n<div class=\"wp-block-uagb-container uagb-block-7ec914b0 alignfull uagb-is-root-container\"><div class=\"uagb-container-inner-blocks-wrap\">\n<div class=\"wp-block-uagb-info-box uagb-block-3f8fd5c6 uagb-infobox__content-wrap  uagb-infobox-icon-above-title uagb-infobox-image-valign-top\"><div class=\"uagb-ifb-content\"><div class=\"uagb-ifb-title-wrap\"><h2 class=\"uagb-ifb-title\"><strong>Dale Vida a tus Ideas<\/strong><\/h2><\/div><p class=\"uagb-ifb-desc\">Si est\u00e1s emocionado por transformar tus objetos en obras de arte con grabado l\u00e1ser CNC, estamos listos para ayudarte. Ponte en contacto con nosotros para explorar c\u00f3mo podemos materializar tus ideas y llevar tus proyectos a un nuevo nivel<\/p><div class=\"uagb-ifb-button-wrapper wp-block-button\"><a href=\"https:\/\/idemach.com\/index.php\/contact\/\" class=\"uagb-infobox-cta-link wp-block-button__link\" target=\"_self\" rel=\"noopener noreferrer\" onclick=\"return true;\" alt=\"\"><span class=\"uagb-inline-editing\">contacto<\/span><\/a><\/div><\/div><\/div>\n<\/div><\/div>\n","protected":false},"excerpt":{"rendered":"<p>laser cnc<\/p>\n","protected":false},"author":1,"featured_media":0,"parent":10,"menu_order":4,"comment_status":"closed","ping_status":"closed","template":"","meta":{"_uag_custom_page_level_css":"","site-sidebar-layout":"no-sidebar","site-content-layout":"plain-container","ast-site-content-layout":"normal-width-container","site-content-style":"unboxed","site-sidebar-style":"unboxed","ast-global-header-display":"","ast-banner-title-visibility":"","ast-main-header-display":"","ast-hfb-above-header-display":"","ast-hfb-below-header-display":"","ast-hfb-mobile-header-display":"","site-post-title":"disabled","ast-breadcrumbs-content":"","ast-featured-img":"","footer-sml-layout":"","theme-transparent-header-meta":"enabled","adv-header-id-meta":"","stick-header-meta":"","header-above-stick-meta":"","header-main-stick-meta":"","header-below-stick-meta":"","astra-migrate-meta-layouts":"set","ast-page-background-enabled":"default","ast-page-background-meta":{"desktop":{"background-color":"","background-image":"","background-repeat":"repeat","background-position":"center center","background-size":"auto","background-attachment":"scroll","background-type":"","background-media":"","overlay-type":"","overlay-color":"","overlay-opacity":"","overlay-gradient":""},"tablet":{"background-color":"","background-image":"","background-repeat":"repeat","background-position":"center center","background-size":"auto","background-attachment":"scroll","background-type":"","background-media":"","overlay-type":"","overlay-color":"","overlay-opacity":"","overlay-gradient":""},"mobile":{"background-color":"","background-image":"","background-repeat":"repeat","background-position":"center center","background-size":"auto","background-attachment":"scroll","background-type":"","background-media":"","overlay-type":"","overlay-color":"","overlay-opacity":"","overlay-gradient":""}},"ast-content-background-meta":{"desktop":{"background-color":"var(--ast-global-color-5)","background-image":"","background-repeat":"repeat","background-position":"center center","background-size":"auto","background-attachment":"scroll","background-type":"","background-media":"","overlay-type":"","overlay-color":"","overlay-opacity":"","overlay-gradient":""},"tablet":{"background-color":"var(--ast-global-color-5)","background-image":"","background-repeat":"repeat","background-position":"center center","background-size":"auto","background-attachment":"scroll","background-type":"","background-media":"","overlay-type":"","overlay-color":"","overlay-opacity":"","overlay-gradient":""},"mobile":{"background-color":"var(--ast-global-color-5)","background-image":"","background-repeat":"repeat","background-position":"center center","background-size":"auto","background-attachment":"scroll","background-type":"","background-media":"","overlay-type":"","overlay-color":"","overlay-opacity":"","overlay-gradient":""}},"footnotes":""},"class_list":["post-639","page","type-page","status-publish","hentry"],"yoast_head":"<!-- This site is optimized with the Yoast SEO plugin v21.0 - https:\/\/yoast.com\/wordpress\/plugins\/seo\/ -->\n<title>Laser CNC - idemach.com<\/title>\n<meta name=\"robots\" content=\"index, follow, max-snippet:-1, max-image-preview:large, max-video-preview:-1\" \/>\n<link rel=\"canonical\" href=\"https:\/\/idemach.com\/index.php\/servicios\/laser-cnc\/\" \/>\n<meta property=\"og:locale\" content=\"en_US\" \/>\n<meta property=\"og:type\" content=\"article\" \/>\n<meta property=\"og:title\" content=\"Laser CNC - idemach.com\" \/>\n<meta property=\"og:description\" content=\"laser cnc\" \/>\n<meta property=\"og:url\" content=\"https:\/\/idemach.com\/index.php\/servicios\/laser-cnc\/\" \/>\n<meta property=\"og:site_name\" content=\"idemach.com\" \/>\n<meta property=\"article:modified_time\" content=\"2023-08-28T04:03:04+00:00\" \/>\n<meta name=\"twitter:card\" content=\"summary_large_image\" \/>\n<meta name=\"twitter:label1\" content=\"Est. reading time\" \/>\n\t<meta name=\"twitter:data1\" content=\"1 minute\" \/>\n<script type=\"application\/ld+json\" class=\"yoast-schema-graph\">{\"@context\":\"https:\/\/schema.org\",\"@graph\":[{\"@type\":\"WebPage\",\"@id\":\"https:\/\/idemach.com\/index.php\/servicios\/laser-cnc\/\",\"url\":\"https:\/\/idemach.com\/index.php\/servicios\/laser-cnc\/\",\"name\":\"Laser CNC - idemach.com\",\"isPartOf\":{\"@id\":\"https:\/\/idemach.com\/#website\"},\"datePublished\":\"2023-08-04T05:03:23+00:00\",\"dateModified\":\"2023-08-28T04:03:04+00:00\",\"breadcrumb\":{\"@id\":\"https:\/\/idemach.com\/index.php\/servicios\/laser-cnc\/#breadcrumb\"},\"inLanguage\":\"en-US\",\"potentialAction\":[{\"@type\":\"ReadAction\",\"target\":[\"https:\/\/idemach.com\/index.php\/servicios\/laser-cnc\/\"]}]},{\"@type\":\"BreadcrumbList\",\"@id\":\"https:\/\/idemach.com\/index.php\/servicios\/laser-cnc\/#breadcrumb\",\"itemListElement\":[{\"@type\":\"ListItem\",\"position\":1,\"name\":\"Inicio\",\"item\":\"https:\/\/idemach.com\/\"},{\"@type\":\"ListItem\",\"position\":2,\"name\":\"Servicios\",\"item\":\"https:\/\/idemach.com\/index.php\/servicios\/\"},{\"@type\":\"ListItem\",\"position\":3,\"name\":\"Laser CNC\"}]},{\"@type\":\"WebSite\",\"@id\":\"https:\/\/idemach.com\/#website\",\"url\":\"https:\/\/idemach.com\/\",\"name\":\"idemach.com\",\"description\":\"\",\"publisher\":{\"@id\":\"https:\/\/idemach.com\/#organization\"},\"potentialAction\":[{\"@type\":\"SearchAction\",\"target\":{\"@type\":\"EntryPoint\",\"urlTemplate\":\"https:\/\/idemach.com\/?s={search_term_string}\"},\"query-input\":\"required name=search_term_string\"}],\"inLanguage\":\"en-US\"},{\"@type\":\"Organization\",\"@id\":\"https:\/\/idemach.com\/#organization\",\"name\":\"idemach.com\",\"url\":\"https:\/\/idemach.com\/\",\"logo\":{\"@type\":\"ImageObject\",\"inLanguage\":\"en-US\",\"@id\":\"https:\/\/idemach.com\/#\/schema\/logo\/image\/\",\"url\":\"https:\/\/idemach.com\/wp-content\/uploads\/2023\/08\/blend010723194200.png\",\"contentUrl\":\"https:\/\/idemach.com\/wp-content\/uploads\/2023\/08\/blend010723194200.png\",\"width\":1736,\"height\":727,\"caption\":\"idemach.com\"},\"image\":{\"@id\":\"https:\/\/idemach.com\/#\/schema\/logo\/image\/\"}}]}<\/script>\n<!-- \/ Yoast SEO plugin. -->","yoast_head_json":{"title":"Laser CNC - idemach.com","robots":{"index":"index","follow":"follow","max-snippet":"max-snippet:-1","max-image-preview":"max-image-preview:large","max-video-preview":"max-video-preview:-1"},"canonical":"https:\/\/idemach.com\/index.php\/servicios\/laser-cnc\/","og_locale":"en_US","og_type":"article","og_title":"Laser CNC - idemach.com","og_description":"laser cnc","og_url":"https:\/\/idemach.com\/index.php\/servicios\/laser-cnc\/","og_site_name":"idemach.com","article_modified_time":"2023-08-28T04:03:04+00:00","twitter_card":"summary_large_image","twitter_misc":{"Est. reading time":"1 minute"},"schema":{"@context":"https:\/\/schema.org","@graph":[{"@type":"WebPage","@id":"https:\/\/idemach.com\/index.php\/servicios\/laser-cnc\/","url":"https:\/\/idemach.com\/index.php\/servicios\/laser-cnc\/","name":"Laser CNC - idemach.com","isPartOf":{"@id":"https:\/\/idemach.com\/#website"},"datePublished":"2023-08-04T05:03:23+00:00","dateModified":"2023-08-28T04:03:04+00:00","breadcrumb":{"@id":"https:\/\/idemach.com\/index.php\/servicios\/laser-cnc\/#breadcrumb"},"inLanguage":"en-US","potentialAction":[{"@type":"ReadAction","target":["https:\/\/idemach.com\/index.php\/servicios\/laser-cnc\/"]}]},{"@type":"BreadcrumbList","@id":"https:\/\/idemach.com\/index.php\/servicios\/laser-cnc\/#breadcrumb","itemListElement":[{"@type":"ListItem","position":1,"name":"Inicio","item":"https:\/\/idemach.com\/"},{"@type":"ListItem","position":2,"name":"Servicios","item":"https:\/\/idemach.com\/index.php\/servicios\/"},{"@type":"ListItem","position":3,"name":"Laser CNC"}]},{"@type":"WebSite","@id":"https:\/\/idemach.com\/#website","url":"https:\/\/idemach.com\/","name":"idemach.com","description":"","publisher":{"@id":"https:\/\/idemach.com\/#organization"},"potentialAction":[{"@type":"SearchAction","target":{"@type":"EntryPoint","urlTemplate":"https:\/\/idemach.com\/?s={search_term_string}"},"query-input":"required name=search_term_string"}],"inLanguage":"en-US"},{"@type":"Organization","@id":"https:\/\/idemach.com\/#organization","name":"idemach.com","url":"https:\/\/idemach.com\/","logo":{"@type":"ImageObject","inLanguage":"en-US","@id":"https:\/\/idemach.com\/#\/schema\/logo\/image\/","url":"https:\/\/idemach.com\/wp-content\/uploads\/2023\/08\/blend010723194200.png","contentUrl":"https:\/\/idemach.com\/wp-content\/uploads\/2023\/08\/blend010723194200.png","width":1736,"height":727,"caption":"idemach.com"},"image":{"@id":"https:\/\/idemach.com\/#\/schema\/logo\/image\/"}}]}},"uagb_featured_image_src":{"full":false,"thumbnail":false,"medium":false,"medium_large":false,"large":false,"1536x1536":false,"2048x2048":false,"mailpoet_newsletter_max":false},"uagb_author_info":{"display_name":"idemach.com","author_link":"https:\/\/idemach.com\/index.php\/author\/idemach-com\/"},"uagb_comment_info":0,"uagb_excerpt":"laser cnc","_links":{"self":[{"href":"https:\/\/idemach.com\/index.php\/wp-json\/wp\/v2\/pages\/639"}],"collection":[{"href":"https:\/\/idemach.com\/index.php\/wp-json\/wp\/v2\/pages"}],"about":[{"href":"https:\/\/idemach.com\/index.php\/wp-json\/wp\/v2\/types\/page"}],"author":[{"embeddable":true,"href":"https:\/\/idemach.com\/index.php\/wp-json\/wp\/v2\/users\/1"}],"replies":[{"embeddable":true,"href":"https:\/\/idemach.com\/index.php\/wp-json\/wp\/v2\/comments?post=639"}],"version-history":[{"count":25,"href":"https:\/\/idemach.com\/index.php\/wp-json\/wp\/v2\/pages\/639\/revisions"}],"predecessor-version":[{"id":1571,"href":"https:\/\/idemach.com\/index.php\/wp-json\/wp\/v2\/pages\/639\/revisions\/1571"}],"up":[{"embeddable":true,"href":"https:\/\/idemach.com\/index.php\/wp-json\/wp\/v2\/pages\/10"}],"wp:attachment":[{"href":"https:\/\/idemach.com\/index.php\/wp-json\/wp\/v2\/media?parent=639"}],"curies":[{"name":"wp","href":"https:\/\/api.w.org\/{rel}","templated":true}]}}