{"id":800,"date":"2023-08-09T02:45:24","date_gmt":"2023-08-09T02:45:24","guid":{"rendered":"https:\/\/idemach.com\/?page_id=800"},"modified":"2023-08-28T03:40:48","modified_gmt":"2023-08-28T03:40:48","slug":"maquinado-cnc","status":"publish","type":"page","link":"https:\/\/idemach.com\/index.php\/servicios\/maquinado-cnc\/","title":{"rendered":"Maquinado CNC"},"content":{"rendered":"\n<div class=\"wp-block-uagb-container uagb-block-61b7f5e0 alignfull uagb-is-root-container\"><div class=\"uagb-container-inner-blocks-wrap\">\n<div class=\"wp-block-uagb-advanced-heading uagb-block-8114b16d\"><h1 class=\"uagb-heading-text\">MAQUINADO CNC<\/h1><\/div>\n<\/div><\/div>\n\n\n\n<div class=\"wp-block-uagb-info-box uagb-block-1374a846 uagb-infobox__content-wrap  uagb-infobox-icon-above-title uagb-infobox-image-valign-top\"><div class=\"uagb-ifb-content\"><div class=\"uagb-ifb-title-wrap\"><h4 class=\"uagb-ifb-title\"><strong>Precisi\u00f3n, Eficiencia y Calidad en Cada Proyecto<\/strong><\/h4><\/div><p class=\"uagb-ifb-desc\">Nuestro enfoque en la innovaci\u00f3n y la calidad nos impulsa a proporcionar soluciones de maquinado que superan los l\u00edmites tradicionales. Explora c\u00f3mo estamos preparados para dejar nuestra huella en la industria del maquinado CNC.<\/p><\/div><\/div>\n\n\n\n<div class=\"wp-block-uagb-container uagb-block-30ab088b alignfull uagb-is-root-container\"><div class=\"uagb-container-inner-blocks-wrap\">\n<div class=\"wp-block-uagb-container uagb-block-78352030\">\n<div class=\"wp-block-uagb-container uagb-block-e3ee6a34 alignfull uagb-is-root-container\"><div class=\"uagb-container-inner-blocks-wrap\">\n<div class=\"wp-block-uagb-container uagb-block-d8445907\">\n<div class=\"wp-block-uagb-image uagb-block-7b1c8245 wp-block-uagb-image--layout-default wp-block-uagb-image--effect-zoomin wp-block-uagb-image--align-none\"><figure class=\"wp-block-uagb-image__figure\"><img decoding=\"async\" srcset=\"https:\/\/idemach.com\/wp-content\/uploads\/2023\/08\/cnc-3.png , https:\/\/idemach.com\/wp-content\/uploads\/2023\/08\/cnc-3.png 360w\" sizes=\"(max-width: 480px) 150px\" src=\"https:\/\/idemach.com\/wp-content\/uploads\/2023\/08\/cnc-3.png\" alt=\"\" class=\"uag-image-1020\" width=\"845\" height=\"553\" title=\"\" loading=\"lazy\"\/><\/figure><\/div>\n<\/div>\n\n\n\n<div class=\"wp-block-uagb-container uagb-block-e03c7a26\">\n<div class=\"wp-block-uagb-info-box uagb-block-a0b8ede5 uagb-infobox__content-wrap  uagb-infobox-icon-above-title uagb-infobox-image-valign-top\"><div class=\"uagb-ifb-content\"><div class=\"uagb-ifb-title-wrap\"><h2 class=\"uagb-ifb-title\"><strong><strong>Personalizaci\u00f3n Ilimitada<\/strong><\/strong><\/h2><\/div><p class=\"uagb-ifb-desc\">Transformamos tus conceptos en productos tangibles, resaltando tus ideas \u00fanicas.<\/p><\/div><\/div>\n<\/div>\n<\/div><\/div>\n<\/div>\n\n\n\n<div class=\"wp-block-uagb-container uagb-block-5f4b1139 alignfull uagb-is-root-container\"><div class=\"uagb-container-inner-blocks-wrap\">\n<div class=\"wp-block-uagb-container uagb-block-45ddd987\">\n<div class=\"wp-block-uagb-info-box uagb-block-adb037c7 uagb-infobox__content-wrap  uagb-infobox-icon-above-title uagb-infobox-image-valign-top\"><div class=\"uagb-ifb-content\"><div class=\"uagb-ifb-title-wrap\"><h2 class=\"uagb-ifb-title\"><strong><strong>Creatividad en Forma<\/strong><\/strong><\/h2><\/div><p class=\"uagb-ifb-desc\">Damos vida a tus dise\u00f1os m\u00e1s detallados, transformando materiales en obras de arte de ingenier\u00eda.<\/p><\/div><\/div>\n<\/div>\n\n\n\n<div class=\"wp-block-uagb-container uagb-block-262e34d4\">\n<div class=\"wp-block-uagb-image uagb-block-e9dfbbe9 wp-block-uagb-image--layout-default wp-block-uagb-image--effect-zoomin wp-block-uagb-image--align-none\"><figure class=\"wp-block-uagb-image__figure\"><img decoding=\"async\" srcset=\"https:\/\/idemach.com\/wp-content\/uploads\/2023\/08\/cnc-4.png \" sizes=\"(max-width: 480px) 150px\" src=\"https:\/\/idemach.com\/wp-content\/uploads\/2023\/08\/cnc-4.png\" alt=\"\" class=\"uag-image-1021\" width=\"845\" height=\"553\" title=\"\" loading=\"lazy\"\/><\/figure><\/div>\n<\/div>\n<\/div><\/div>\n\n\n\n<div class=\"wp-block-uagb-container uagb-block-a4e94a88 alignfull uagb-is-root-container\"><div class=\"uagb-container-inner-blocks-wrap\">\n<div class=\"wp-block-uagb-container uagb-block-4fccca5c\">\n<div class=\"wp-block-uagb-image uagb-block-995a53d8 wp-block-uagb-image--layout-default wp-block-uagb-image--effect-zoomin wp-block-uagb-image--align-none\"><figure class=\"wp-block-uagb-image__figure\"><img decoding=\"async\" srcset=\"https:\/\/idemach.com\/wp-content\/uploads\/2023\/08\/cnc-5.png \" sizes=\"(max-width: 480px) 150px\" src=\"https:\/\/idemach.com\/wp-content\/uploads\/2023\/08\/cnc-5.png\" alt=\"\" class=\"uag-image-1022\" width=\"845\" height=\"553\" title=\"\" loading=\"lazy\"\/><\/figure><\/div>\n<\/div>\n\n\n\n<div class=\"wp-block-uagb-container uagb-block-872fe23f\">\n<div class=\"wp-block-uagb-info-box uagb-block-dd788b30 uagb-infobox__content-wrap  uagb-infobox-icon-above-title uagb-infobox-image-valign-top\"><div class=\"uagb-ifb-content\"><div class=\"uagb-ifb-title-wrap\"><h2 class=\"uagb-ifb-title\"><strong>Precisi\u00f3n Milim\u00e9trica<\/strong><\/h2><\/div><p class=\"uagb-ifb-desc\">Cada corte y movimiento est\u00e1 meticulosamente programado para obtener resultados de alta precisi\u00f3n.<\/p><\/div><\/div>\n<\/div>\n<\/div><\/div>\n<\/div><\/div>\n\n\n\n<div class=\"wp-block-cover alignfull is-position-center-center\" style=\"min-height:750px;aspect-ratio:unset;\"><span aria-hidden=\"true\" class=\"wp-block-cover__background has-ast-global-color-2-background-color has-background-dim-80 has-background-dim\"><\/span><img loading=\"lazy\" decoding=\"async\" width=\"845\" height=\"553\" class=\"wp-block-cover__image-background wp-image-1021\" alt=\"\" src=\"http:\/\/idemach.com\/wp-content\/uploads\/2023\/08\/cnc-4.png\" data-object-fit=\"cover\" srcset=\"https:\/\/idemach.com\/wp-content\/uploads\/2023\/08\/cnc-4.png 845w, https:\/\/idemach.com\/wp-content\/uploads\/2023\/08\/cnc-4-300x196.png 300w, https:\/\/idemach.com\/wp-content\/uploads\/2023\/08\/cnc-4-768x503.png 768w\" sizes=\"(max-width: 845px) 100vw, 845px\" \/><div class=\"wp-block-cover__inner-container is-layout-flow wp-block-cover-is-layout-flow\">\n<div class=\"wp-block-media-text alignwide has-media-on-the-right is-stacked-on-mobile is-vertically-aligned-center\" style=\"margin-right:var(--wp--preset--spacing--20);margin-left:var(--wp--preset--spacing--20);padding-right:0;padding-left:0;grid-template-columns:auto 45%\"><div class=\"wp-block-media-text__content\">\n<h2 class=\"wp-block-heading has-text-color\" style=\"color:#ffffff\"><strong>Tecnolog\u00eda CNC<\/strong><\/h2>\n\n\n\n<h3 class=\"wp-block-heading has-text-color\" style=\"color:#ffffff\"><strong>Sistema de Fresado de Tres Ejes<\/strong><\/h3>\n\n\n\n<p class=\"has-text-color\" style=\"color:#e6e6e6\">Nuestras m\u00e1quinas de tres ejes permiten el maquinado desde diferentes perspectivas, posibilitando la creaci\u00f3n de formas geom\u00e9tricas complejas y detalladas.<\/p>\n\n\n\n<h3 class=\"wp-block-heading has-text-color\" style=\"color:#ffffff\"><strong>Control Preciso<\/strong><\/h3>\n\n\n\n<p class=\"has-text-color\" style=\"color:#e6e6e6\">La tecnolog\u00eda de control num\u00e9rico por computadora garantiza que cada corte y movimiento sea ejecutado con precisi\u00f3n milim\u00e9trica.<\/p>\n\n\n\n<h3 class=\"wp-block-heading has-text-color\" style=\"color:#ffffff\"><strong>Software CAD\/CAM<\/strong><\/h3>\n\n\n\n<p class=\"has-text-color\" style=\"color:#e6e6e6\">Utilizamos software de dise\u00f1o y programaci\u00f3n CAD\/CAM para traducir tus dise\u00f1os en instrucciones de m\u00e1quina altamente precisas.<\/p>\n<\/div><figure class=\"wp-block-media-text__media\"><img loading=\"lazy\" decoding=\"async\" width=\"600\" height=\"600\" src=\"http:\/\/idemach.com\/wp-content\/uploads\/2023\/08\/cnc-6-1.png\" alt=\"\" class=\"wp-image-1024 size-full\" srcset=\"https:\/\/idemach.com\/wp-content\/uploads\/2023\/08\/cnc-6-1.png 600w, https:\/\/idemach.com\/wp-content\/uploads\/2023\/08\/cnc-6-1-300x300.png 300w, https:\/\/idemach.com\/wp-content\/uploads\/2023\/08\/cnc-6-1-150x150.png 150w\" sizes=\"(max-width: 600px) 100vw, 600px\" \/><\/figure><\/div>\n<\/div><\/div>\n\n\n\n<div class=\"wp-block-uagb-advanced-heading uagb-block-9289b1d4\"><h2 class=\"uagb-heading-text\"><strong>Diversidad de Materiales<\/strong><\/h2><\/div>\n\n\n\n<div class=\"wp-block-uagb-container uagb-block-5a9e5341 alignfull uagb-is-root-container\"><div class=\"uagb-container-inner-blocks-wrap\">\n<div class=\"wp-block-uagb-container uagb-block-cb9cbedf\">\n<div class=\"wp-block-uagb-info-box uagb-block-92036054 uagb-infobox__content-wrap  uagb-infobox-icon-above-title uagb-infobox-image-valign-top\"><div class=\"uagb-ifb-content\"><div class=\"uagb-ifb-image-content\"><img decoding=\"async\" src=\"http:\/\/idemach.com\/wp-content\/uploads\/2023\/08\/cnc-7.png\" alt=\"\" width=\"480\" height=\"620\" loading=\"lazy\"\/><\/div><div class=\"uagb-ifb-title-wrap\"><h3 class=\"uagb-ifb-title\"><strong>Metales Blandos<\/strong><\/h3><\/div><p class=\"uagb-ifb-desc\">Desde aluminio y cobre hasta lat\u00f3n y plomo, nuestros equipos son capaces de transformar metales blandos en componentes de alta calidad.<br><\/p><\/div><\/div>\n<\/div>\n\n\n\n<div class=\"wp-block-uagb-container uagb-block-56cbda92\">\n<div class=\"wp-block-uagb-info-box uagb-block-ee16fcbf uagb-infobox__content-wrap  uagb-infobox-icon-above-title uagb-infobox-image-valign-top\"><div class=\"uagb-ifb-content\"><div class=\"uagb-ifb-image-content\"><img decoding=\"async\" src=\"http:\/\/idemach.com\/wp-content\/uploads\/2023\/08\/cnc-8.png\" alt=\"\" width=\"480\" height=\"620\" loading=\"lazy\"\/><\/div><div class=\"uagb-ifb-title-wrap\"><h3 class=\"uagb-ifb-title\"><strong>Pl\u00e1sticos T\u00e9cnicos<\/strong><\/h3><\/div><p class=\"uagb-ifb-desc\">Nuestra tecnolog\u00eda CNC tambi\u00e9n es apta para maquinar pl\u00e1sticos t\u00e9cnicos, logrando piezas de precisi\u00f3n en una variedad de aplicaciones.<br><\/p><\/div><\/div>\n<\/div>\n\n\n\n<div class=\"wp-block-uagb-container uagb-block-af52d913\">\n<div class=\"wp-block-uagb-info-box uagb-block-190bc1b8 uagb-infobox__content-wrap  uagb-infobox-icon-above-title uagb-infobox-image-valign-top\"><div class=\"uagb-ifb-content\"><div class=\"uagb-ifb-image-content\"><img decoding=\"async\" src=\"http:\/\/idemach.com\/wp-content\/uploads\/2023\/08\/cnc-9.png\" alt=\"\" width=\"480\" height=\"620\" loading=\"lazy\"\/><\/div><div class=\"uagb-ifb-title-wrap\"><h3 class=\"uagb-ifb-title\"><strong>Materiales Personalizados<\/strong><\/h3><\/div><p class=\"uagb-ifb-desc\">Si tienes un material espec\u00edfico en mente, no dudes en consultarnos. Estamos dispuestos a explorar nuevas soluciones para cumplir con tus necesidades.<\/p><\/div><\/div>\n<\/div>\n<\/div><\/div>\n\n\n\n<div class=\"wp-block-cover alignfull\" style=\"padding-right:var(--wp--preset--spacing--20);padding-left:var(--wp--preset--spacing--20);min-height:286px;aspect-ratio:unset;\"><span aria-hidden=\"true\" class=\"wp-block-cover__background has-ast-global-color-2-background-color has-background-dim-80 has-background-dim\"><\/span><img loading=\"lazy\" decoding=\"async\" width=\"1920\" height=\"1080\" class=\"wp-block-cover__image-background wp-image-865\" alt=\"\" src=\"http:\/\/idemach.com\/wp-content\/uploads\/2023\/08\/about2.jpg\" data-object-fit=\"cover\" srcset=\"https:\/\/idemach.com\/wp-content\/uploads\/2023\/08\/about2.jpg 1920w, https:\/\/idemach.com\/wp-content\/uploads\/2023\/08\/about2-300x169.jpg 300w, https:\/\/idemach.com\/wp-content\/uploads\/2023\/08\/about2-1024x576.jpg 1024w, https:\/\/idemach.com\/wp-content\/uploads\/2023\/08\/about2-768x432.jpg 768w, https:\/\/idemach.com\/wp-content\/uploads\/2023\/08\/about2-1536x864.jpg 1536w\" sizes=\"(max-width: 1920px) 100vw, 1920px\" \/><div class=\"wp-block-cover__inner-container is-layout-flow wp-block-cover-is-layout-flow\">\n<div class=\"wp-block-columns alignwide is-layout-flex wp-container-core-columns-is-layout-1 wp-block-columns-is-layout-flex\" style=\"margin-top:0;margin-bottom:0\">\n<div class=\"wp-block-column is-vertically-aligned-bottom is-layout-flow wp-block-column-is-layout-flow\">\n<p class=\"has-text-color\" style=\"color:#d7d7d7;margin-right:var(--wp--preset--spacing--40);margin-left:var(--wp--preset--spacing--40)\">Nuestro equipo de expertos no solo domina las capacidades de nuestras m\u00e1quinas, sino que tambi\u00e9n tiene un profundo conocimiento de las propiedades de los materiales que trabajamos. Esto nos permite adaptar nuestras estrategias de maquinado a las caracter\u00edsticas \u00fanicas de cada material, garantizando resultados consistentes y de alta calidad.<\/p>\n<\/div>\n\n\n\n<div class=\"wp-block-column is-vertically-aligned-center is-layout-flow wp-block-column-is-layout-flow\">\n<div class=\"wp-block-buttons is-horizontal is-content-justification-center is-layout-flex wp-container-core-buttons-is-layout-1 wp-block-buttons-is-layout-flex\">\n<div class=\"wp-block-button\"><a class=\"wp-block-button__link wp-element-button\" href=\"https:\/\/idemach.com\/index.php\/contact\/\" rel=\"\">contacto<\/a><\/div>\n<\/div>\n<\/div>\n<\/div>\n<\/div><\/div>\n","protected":false},"excerpt":{"rendered":"<p>MAQUINADO CNC Diversidad de Materiales<\/p>\n","protected":false},"author":1,"featured_media":0,"parent":10,"menu_order":3,"comment_status":"closed","ping_status":"closed","template":"","meta":{"_uag_custom_page_level_css":"","site-sidebar-layout":"no-sidebar","site-content-layout":"plain-container","ast-site-content-layout":"normal-width-container","site-content-style":"unboxed","site-sidebar-style":"unboxed","ast-global-header-display":"","ast-banner-title-visibility":"","ast-main-header-display":"","ast-hfb-above-header-display":"","ast-hfb-below-header-display":"","ast-hfb-mobile-header-display":"","site-post-title":"disabled","ast-breadcrumbs-content":"","ast-featured-img":"","footer-sml-layout":"","theme-transparent-header-meta":"enabled","adv-header-id-meta":"","stick-header-meta":"","header-above-stick-meta":"","header-main-stick-meta":"","header-below-stick-meta":"","astra-migrate-meta-layouts":"set","ast-page-background-enabled":"default","ast-page-background-meta":{"desktop":{"background-color":"","background-image":"","background-repeat":"repeat","background-position":"center center","background-size":"auto","background-attachment":"scroll","background-type":"","background-media":"","overlay-type":"","overlay-color":"","overlay-opacity":"","overlay-gradient":""},"tablet":{"background-color":"","background-image":"","background-repeat":"repeat","background-position":"center center","background-size":"auto","background-attachment":"scroll","background-type":"","background-media":"","overlay-type":"","overlay-color":"","overlay-opacity":"","overlay-gradient":""},"mobile":{"background-color":"","background-image":"","background-repeat":"repeat","background-position":"center center","background-size":"auto","background-attachment":"scroll","background-type":"","background-media":"","overlay-type":"","overlay-color":"","overlay-opacity":"","overlay-gradient":""}},"ast-content-background-meta":{"desktop":{"background-color":"var(--ast-global-color-5)","background-image":"","background-repeat":"repeat","background-position":"center center","background-size":"auto","background-attachment":"scroll","background-type":"","background-media":"","overlay-type":"","overlay-color":"","overlay-opacity":"","overlay-gradient":""},"tablet":{"background-color":"var(--ast-global-color-5)","background-image":"","background-repeat":"repeat","background-position":"center center","background-size":"auto","background-attachment":"scroll","background-type":"","background-media":"","overlay-type":"","overlay-color":"","overlay-opacity":"","overlay-gradient":""},"mobile":{"background-color":"var(--ast-global-color-5)","background-image":"","background-repeat":"repeat","background-position":"center center","background-size":"auto","background-attachment":"scroll","background-type":"","background-media":"","overlay-type":"","overlay-color":"","overlay-opacity":"","overlay-gradient":""}},"footnotes":""},"class_list":["post-800","page","type-page","status-publish","hentry"],"yoast_head":"<!-- This site is optimized with the Yoast SEO plugin v21.0 - https:\/\/yoast.com\/wordpress\/plugins\/seo\/ -->\n<title>Maquinado CNC - idemach.com<\/title>\n<meta name=\"robots\" content=\"index, follow, max-snippet:-1, max-image-preview:large, max-video-preview:-1\" \/>\n<link rel=\"canonical\" href=\"https:\/\/idemach.com\/index.php\/servicios\/maquinado-cnc\/\" \/>\n<meta property=\"og:locale\" content=\"en_US\" \/>\n<meta property=\"og:type\" content=\"article\" \/>\n<meta property=\"og:title\" content=\"Maquinado CNC - idemach.com\" \/>\n<meta property=\"og:description\" content=\"MAQUINADO CNC Diversidad de Materiales\" \/>\n<meta property=\"og:url\" content=\"https:\/\/idemach.com\/index.php\/servicios\/maquinado-cnc\/\" \/>\n<meta property=\"og:site_name\" content=\"idemach.com\" \/>\n<meta property=\"article:modified_time\" content=\"2023-08-28T03:40:48+00:00\" \/>\n<meta property=\"og:image\" content=\"https:\/\/idemach.com\/wp-content\/uploads\/2023\/08\/cnc-3.png\" \/>\n<meta name=\"twitter:card\" content=\"summary_large_image\" \/>\n<meta name=\"twitter:label1\" content=\"Est. reading time\" \/>\n\t<meta name=\"twitter:data1\" content=\"4 minutes\" \/>\n<script type=\"application\/ld+json\" class=\"yoast-schema-graph\">{\"@context\":\"https:\/\/schema.org\",\"@graph\":[{\"@type\":\"WebPage\",\"@id\":\"https:\/\/idemach.com\/index.php\/servicios\/maquinado-cnc\/\",\"url\":\"https:\/\/idemach.com\/index.php\/servicios\/maquinado-cnc\/\",\"name\":\"Maquinado CNC - idemach.com\",\"isPartOf\":{\"@id\":\"https:\/\/idemach.com\/#website\"},\"datePublished\":\"2023-08-09T02:45:24+00:00\",\"dateModified\":\"2023-08-28T03:40:48+00:00\",\"breadcrumb\":{\"@id\":\"https:\/\/idemach.com\/index.php\/servicios\/maquinado-cnc\/#breadcrumb\"},\"inLanguage\":\"en-US\",\"potentialAction\":[{\"@type\":\"ReadAction\",\"target\":[\"https:\/\/idemach.com\/index.php\/servicios\/maquinado-cnc\/\"]}]},{\"@type\":\"BreadcrumbList\",\"@id\":\"https:\/\/idemach.com\/index.php\/servicios\/maquinado-cnc\/#breadcrumb\",\"itemListElement\":[{\"@type\":\"ListItem\",\"position\":1,\"name\":\"Inicio\",\"item\":\"https:\/\/idemach.com\/\"},{\"@type\":\"ListItem\",\"position\":2,\"name\":\"Servicios\",\"item\":\"https:\/\/idemach.com\/index.php\/servicios\/\"},{\"@type\":\"ListItem\",\"position\":3,\"name\":\"Maquinado CNC\"}]},{\"@type\":\"WebSite\",\"@id\":\"https:\/\/idemach.com\/#website\",\"url\":\"https:\/\/idemach.com\/\",\"name\":\"idemach.com\",\"description\":\"\",\"publisher\":{\"@id\":\"https:\/\/idemach.com\/#organization\"},\"potentialAction\":[{\"@type\":\"SearchAction\",\"target\":{\"@type\":\"EntryPoint\",\"urlTemplate\":\"https:\/\/idemach.com\/?s={search_term_string}\"},\"query-input\":\"required name=search_term_string\"}],\"inLanguage\":\"en-US\"},{\"@type\":\"Organization\",\"@id\":\"https:\/\/idemach.com\/#organization\",\"name\":\"idemach.com\",\"url\":\"https:\/\/idemach.com\/\",\"logo\":{\"@type\":\"ImageObject\",\"inLanguage\":\"en-US\",\"@id\":\"https:\/\/idemach.com\/#\/schema\/logo\/image\/\",\"url\":\"https:\/\/idemach.com\/wp-content\/uploads\/2023\/08\/blend010723194200.png\",\"contentUrl\":\"https:\/\/idemach.com\/wp-content\/uploads\/2023\/08\/blend010723194200.png\",\"width\":1736,\"height\":727,\"caption\":\"idemach.com\"},\"image\":{\"@id\":\"https:\/\/idemach.com\/#\/schema\/logo\/image\/\"}}]}<\/script>\n<!-- \/ Yoast SEO plugin. -->","yoast_head_json":{"title":"Maquinado CNC - idemach.com","robots":{"index":"index","follow":"follow","max-snippet":"max-snippet:-1","max-image-preview":"max-image-preview:large","max-video-preview":"max-video-preview:-1"},"canonical":"https:\/\/idemach.com\/index.php\/servicios\/maquinado-cnc\/","og_locale":"en_US","og_type":"article","og_title":"Maquinado CNC - idemach.com","og_description":"MAQUINADO CNC Diversidad de Materiales","og_url":"https:\/\/idemach.com\/index.php\/servicios\/maquinado-cnc\/","og_site_name":"idemach.com","article_modified_time":"2023-08-28T03:40:48+00:00","og_image":[{"url":"https:\/\/idemach.com\/wp-content\/uploads\/2023\/08\/cnc-3.png"}],"twitter_card":"summary_large_image","twitter_misc":{"Est. reading time":"4 minutes"},"schema":{"@context":"https:\/\/schema.org","@graph":[{"@type":"WebPage","@id":"https:\/\/idemach.com\/index.php\/servicios\/maquinado-cnc\/","url":"https:\/\/idemach.com\/index.php\/servicios\/maquinado-cnc\/","name":"Maquinado CNC - idemach.com","isPartOf":{"@id":"https:\/\/idemach.com\/#website"},"datePublished":"2023-08-09T02:45:24+00:00","dateModified":"2023-08-28T03:40:48+00:00","breadcrumb":{"@id":"https:\/\/idemach.com\/index.php\/servicios\/maquinado-cnc\/#breadcrumb"},"inLanguage":"en-US","potentialAction":[{"@type":"ReadAction","target":["https:\/\/idemach.com\/index.php\/servicios\/maquinado-cnc\/"]}]},{"@type":"BreadcrumbList","@id":"https:\/\/idemach.com\/index.php\/servicios\/maquinado-cnc\/#breadcrumb","itemListElement":[{"@type":"ListItem","position":1,"name":"Inicio","item":"https:\/\/idemach.com\/"},{"@type":"ListItem","position":2,"name":"Servicios","item":"https:\/\/idemach.com\/index.php\/servicios\/"},{"@type":"ListItem","position":3,"name":"Maquinado CNC"}]},{"@type":"WebSite","@id":"https:\/\/idemach.com\/#website","url":"https:\/\/idemach.com\/","name":"idemach.com","description":"","publisher":{"@id":"https:\/\/idemach.com\/#organization"},"potentialAction":[{"@type":"SearchAction","target":{"@type":"EntryPoint","urlTemplate":"https:\/\/idemach.com\/?s={search_term_string}"},"query-input":"required name=search_term_string"}],"inLanguage":"en-US"},{"@type":"Organization","@id":"https:\/\/idemach.com\/#organization","name":"idemach.com","url":"https:\/\/idemach.com\/","logo":{"@type":"ImageObject","inLanguage":"en-US","@id":"https:\/\/idemach.com\/#\/schema\/logo\/image\/","url":"https:\/\/idemach.com\/wp-content\/uploads\/2023\/08\/blend010723194200.png","contentUrl":"https:\/\/idemach.com\/wp-content\/uploads\/2023\/08\/blend010723194200.png","width":1736,"height":727,"caption":"idemach.com"},"image":{"@id":"https:\/\/idemach.com\/#\/schema\/logo\/image\/"}}]}},"uagb_featured_image_src":{"full":false,"thumbnail":false,"medium":false,"medium_large":false,"large":false,"1536x1536":false,"2048x2048":false,"mailpoet_newsletter_max":false},"uagb_author_info":{"display_name":"idemach.com","author_link":"https:\/\/idemach.com\/index.php\/author\/idemach-com\/"},"uagb_comment_info":0,"uagb_excerpt":"MAQUINADO CNC Diversidad de Materiales","_links":{"self":[{"href":"https:\/\/idemach.com\/index.php\/wp-json\/wp\/v2\/pages\/800"}],"collection":[{"href":"https:\/\/idemach.com\/index.php\/wp-json\/wp\/v2\/pages"}],"about":[{"href":"https:\/\/idemach.com\/index.php\/wp-json\/wp\/v2\/types\/page"}],"author":[{"embeddable":true,"href":"https:\/\/idemach.com\/index.php\/wp-json\/wp\/v2\/users\/1"}],"replies":[{"embeddable":true,"href":"https:\/\/idemach.com\/index.php\/wp-json\/wp\/v2\/comments?post=800"}],"version-history":[{"count":60,"href":"https:\/\/idemach.com\/index.php\/wp-json\/wp\/v2\/pages\/800\/revisions"}],"predecessor-version":[{"id":1560,"href":"https:\/\/idemach.com\/index.php\/wp-json\/wp\/v2\/pages\/800\/revisions\/1560"}],"up":[{"embeddable":true,"href":"https:\/\/idemach.com\/index.php\/wp-json\/wp\/v2\/pages\/10"}],"wp:attachment":[{"href":"https:\/\/idemach.com\/index.php\/wp-json\/wp\/v2\/media?parent=800"}],"curies":[{"name":"wp","href":"https:\/\/api.w.org\/{rel}","templated":true}]}}