{"id":839,"date":"2023-08-09T03:30:46","date_gmt":"2023-08-09T03:30:46","guid":{"rendered":"https:\/\/idemach.com\/?page_id=839"},"modified":"2023-08-28T04:06:55","modified_gmt":"2023-08-28T04:06:55","slug":"fundicion","status":"publish","type":"page","link":"https:\/\/idemach.com\/index.php\/servicios\/fundicion\/","title":{"rendered":"Fundici\u00f3n"},"content":{"rendered":"\n<div class=\"wp-block-uagb-container uagb-block-61b7f5e0 alignfull uagb-is-root-container\"><div class=\"uagb-container-inner-blocks-wrap\">\n<div class=\"wp-block-uagb-advanced-heading uagb-block-8114b16d\"><h1 class=\"uagb-heading-text\">FUNDICION\u200b<\/h1><\/div>\n<\/div><\/div>\n\n\n\n<div class=\"wp-block-uagb-container uagb-block-f9cb5d37 default uagb-is-root-container\">\n<div class=\"wp-block-uagb-info-box uagb-block-1374a846 uagb-infobox__content-wrap  uagb-infobox-icon-above-title uagb-infobox-image-valign-top\"><div class=\"uagb-ifb-content\"><div class=\"uagb-ifb-title-wrap\"><h4 class=\"uagb-ifb-title\"><strong>Innovaci\u00f3n en Fundici\u00f3n de Metales<\/strong><\/h4><\/div><p class=\"uagb-ifb-desc\">Ad\u00e9ntrate en un mundo donde la innovaci\u00f3n fluye como el metal fundido, dando origen a piezas \u00fanicas y visiones excepcionales.<\/p><\/div><\/div>\n<\/div>\n\n\n\n<div class=\"wp-block-uagb-container uagb-block-f1e9619c alignfull uagb-is-root-container\"><div class=\"uagb-container-inner-blocks-wrap\">\n<div class=\"wp-block-uagb-container uagb-block-815c962d\">\n<div class=\"wp-block-uagb-info-box uagb-block-186d793d uagb-infobox__content-wrap  uagb-infobox-icon-above-title uagb-infobox-image-valign-top\"><div class=\"uagb-ifb-content\"><div class=\"uagb-ifb-title-wrap\"><h2 class=\"uagb-ifb-title\">Creando Piezas \u00danicas a partir de Modelos de Impresi\u00f3n 3D<\/h2><\/div><p class=\"uagb-ifb-desc\">llevamos la fundici\u00f3n de metales al siguiente nivel al combinar la innovaci\u00f3n de la impresi\u00f3n 3D con la experiencia en la creaci\u00f3n de piezas de alta calidad. Nuestro enfoque revolucionario permite convertir tus modelos impresos en 3D en piezas de metal.<\/p><\/div><\/div>\n<\/div>\n\n\n\n<div class=\"wp-block-uagb-container uagb-block-927ca50f\">\n<div class=\"wp-block-uagb-image uagb-block-e0694eb5 wp-block-uagb-image--layout-default wp-block-uagb-image--effect-static wp-block-uagb-image--align-none\"><figure class=\"wp-block-uagb-image__figure\"><img decoding=\"async\" srcset=\"https:\/\/idemach.com\/wp-content\/uploads\/2023\/08\/policast-n.png \" sizes=\"(max-width: 480px) 150px\" src=\"https:\/\/idemach.com\/wp-content\/uploads\/2023\/08\/policast-n.png\" alt=\"\" class=\"uag-image-1287\" width=\"1024\" height=\"1024\" title=\"\" loading=\"lazy\"\/><\/figure><\/div>\n<\/div>\n<\/div><\/div>\n\n\n\n<div class=\"wp-block-uagb-container uagb-block-38c8c2d0 alignfull uagb-is-root-container\">\n<div class=\"wp-block-cover alignfull is-position-center-center\" style=\"margin-top:0;margin-bottom:0;min-height:750px;aspect-ratio:unset;\"><span aria-hidden=\"true\" class=\"wp-block-cover__background has-ast-global-color-2-background-color has-background-dim-80 has-background-dim\"><\/span><img loading=\"lazy\" decoding=\"async\" width=\"845\" height=\"553\" class=\"wp-block-cover__image-background wp-image-1265\" alt=\"\" src=\"http:\/\/idemach.com\/wp-content\/uploads\/2023\/08\/fundicion-2.png\" data-object-fit=\"cover\" srcset=\"https:\/\/idemach.com\/wp-content\/uploads\/2023\/08\/fundicion-2.png 845w, https:\/\/idemach.com\/wp-content\/uploads\/2023\/08\/fundicion-2-300x196.png 300w, https:\/\/idemach.com\/wp-content\/uploads\/2023\/08\/fundicion-2-768x503.png 768w\" sizes=\"(max-width: 845px) 100vw, 845px\" \/><div class=\"wp-block-cover__inner-container is-layout-flow wp-container-core-cover-is-layout-1 wp-block-cover-is-layout-flow\">\n<div class=\"wp-block-media-text alignwide has-media-on-the-right is-stacked-on-mobile is-vertically-aligned-center\" style=\"margin-right:0;margin-left:0;padding-right:0;padding-left:0;grid-template-columns:auto 46%\"><div class=\"wp-block-media-text__content\">\n<h3 class=\"wp-block-heading has-text-color\" style=\"color:#ffffff\"><strong>Fundici\u00f3n de Metales a Baja Temperatura<\/strong><\/h3>\n\n\n\n<p>Trabajamos con una amplia gama de metales cuyo punto de fusi\u00f3n no supera los 1300 grados Celsius. Esto nos permite ofrecer soluciones de fundici\u00f3n precisas y confiables para una variedad de aplicaciones. Algunos de los metales que manejamos incluyen aluminio, bronce y cobre, entre otros.<\/p>\n\n\n\n<h3 class=\"wp-block-heading has-text-color\" style=\"color:#ffffff\"><strong>Dise\u00f1o de Aleaciones Personalizadas<\/strong><\/h3>\n\n\n\n<p class=\"has-text-color\" style=\"color:#e6e6e6\">Entendemos que cada proyecto es \u00fanico. Gracias a nuestra experiencia y conocimiento en metalurgia, podemos dise\u00f1ar aleaciones personalizadas que se adapten a tus necesidades espec\u00edficas. Ya sea que est\u00e9s buscando una combinaci\u00f3n de propiedades mec\u00e1nicas excepcionales o una resistencia superior a ciertos factores ambientales, estamos aqu\u00ed para crear la aleaci\u00f3n perfecta para ti.<\/p>\n\n\n\n<h3 class=\"wp-block-heading has-text-color\" style=\"color:#ffffff\"><strong>Geometr\u00edas Complejas y Detalles Precisos<\/strong><\/h3>\n\n\n\n<p class=\"has-text-color\" style=\"color:#e6e6e6\">Utilizamos software de dise\u00f1o y programaci\u00f3n CAD\/CAM para traducir tus dise\u00f1os en instrucciones de m\u00e1quina altamente precisas.<\/p>\n<\/div><figure class=\"wp-block-media-text__media\"><img loading=\"lazy\" decoding=\"async\" width=\"350\" height=\"400\" src=\"https:\/\/idemach.com\/wp-content\/uploads\/2023\/08\/fundicion-3-1.png\" alt=\"\" class=\"wp-image-1267 size-full\" srcset=\"https:\/\/idemach.com\/wp-content\/uploads\/2023\/08\/fundicion-3-1.png 350w, https:\/\/idemach.com\/wp-content\/uploads\/2023\/08\/fundicion-3-1-263x300.png 263w\" sizes=\"(max-width: 350px) 100vw, 350px\" \/><\/figure><\/div>\n<\/div><\/div>\n<\/div>\n\n\n\n<div class=\"wp-block-uagb-container uagb-block-7cfa74ac alignfull uagb-is-root-container\"><div class=\"uagb-container-inner-blocks-wrap\">\n<div class=\"wp-block-uagb-container uagb-block-3a974eca\">\n<div class=\"wp-block-uagb-info-box uagb-block-198c2c0a uagb-infobox__content-wrap  uagb-infobox-icon-above-title uagb-infobox-image-valign-top\"><div class=\"uagb-ifb-content\"><div class=\"uagb-ifb-title-wrap\"><h2 class=\"uagb-ifb-title\">Cont\u00e1ctanos<\/h2><\/div><p class=\"uagb-ifb-desc\">Estamos emocionados por la oportunidad de colaborar contigo en tu pr\u00f3ximo proyecto. Si deseas obtener m\u00e1s informaci\u00f3n o discutir tus ideas, no dudes en ponerte en contacto con nosotros.<\/p><\/div><\/div>\n<\/div>\n\n\n\n<div class=\"wp-block-uagb-container uagb-block-e9122bdf\">\n<div class=\"wp-block-uagb-buttons uagb-buttons__outer-wrap uagb-btn__default-btn uagb-btn-tablet__default-btn uagb-btn-mobile__default-btn uagb-block-0a4fe754\"><div class=\"uagb-buttons__wrap uagb-buttons-layout-wrap\">\n<div class=\"wp-block-uagb-buttons-child uagb-buttons__outer-wrap uagb-block-bf681650 wp-block-button\"><div class=\"uagb-button__wrapper\"><a class=\"uagb-buttons-repeater wp-block-button__link\" href=\"https:\/\/idemach.com\/index.php\/contact\/\" onclick=\"return true;\" rel=\"follow noopener\" target=\"_self\"><div class=\"uagb-button__link\">contacto<\/div><\/a><\/div><\/div>\n<\/div><\/div>\n<\/div>\n<\/div><\/div>\n","protected":false},"excerpt":{"rendered":"<p>FUNDICION\u200b<\/p>\n","protected":false},"author":1,"featured_media":0,"parent":10,"menu_order":5,"comment_status":"closed","ping_status":"closed","template":"","meta":{"_uag_custom_page_level_css":"","site-sidebar-layout":"no-sidebar","site-content-layout":"plain-container","ast-site-content-layout":"normal-width-container","site-content-style":"unboxed","site-sidebar-style":"unboxed","ast-global-header-display":"","ast-banner-title-visibility":"","ast-main-header-display":"","ast-hfb-above-header-display":"","ast-hfb-below-header-display":"","ast-hfb-mobile-header-display":"","site-post-title":"disabled","ast-breadcrumbs-content":"","ast-featured-img":"","footer-sml-layout":"","theme-transparent-header-meta":"enabled","adv-header-id-meta":"","stick-header-meta":"","header-above-stick-meta":"","header-main-stick-meta":"","header-below-stick-meta":"","astra-migrate-meta-layouts":"set","ast-page-background-enabled":"default","ast-page-background-meta":{"desktop":{"background-color":"","background-image":"","background-repeat":"repeat","background-position":"center center","background-size":"auto","background-attachment":"scroll","background-type":"","background-media":"","overlay-type":"","overlay-color":"","overlay-opacity":"","overlay-gradient":""},"tablet":{"background-color":"","background-image":"","background-repeat":"repeat","background-position":"center center","background-size":"auto","background-attachment":"scroll","background-type":"","background-media":"","overlay-type":"","overlay-color":"","overlay-opacity":"","overlay-gradient":""},"mobile":{"background-color":"","background-image":"","background-repeat":"repeat","background-position":"center center","background-size":"auto","background-attachment":"scroll","background-type":"","background-media":"","overlay-type":"","overlay-color":"","overlay-opacity":"","overlay-gradient":""}},"ast-content-background-meta":{"desktop":{"background-color":"var(--ast-global-color-5)","background-image":"","background-repeat":"repeat","background-position":"center center","background-size":"auto","background-attachment":"scroll","background-type":"","background-media":"","overlay-type":"","overlay-color":"","overlay-opacity":"","overlay-gradient":""},"tablet":{"background-color":"var(--ast-global-color-5)","background-image":"","background-repeat":"repeat","background-position":"center center","background-size":"auto","background-attachment":"scroll","background-type":"","background-media":"","overlay-type":"","overlay-color":"","overlay-opacity":"","overlay-gradient":""},"mobile":{"background-color":"var(--ast-global-color-5)","background-image":"","background-repeat":"repeat","background-position":"center center","background-size":"auto","background-attachment":"scroll","background-type":"","background-media":"","overlay-type":"","overlay-color":"","overlay-opacity":"","overlay-gradient":""}},"footnotes":""},"class_list":["post-839","page","type-page","status-publish","hentry"],"yoast_head":"<!-- This site is optimized with the Yoast SEO plugin v21.0 - https:\/\/yoast.com\/wordpress\/plugins\/seo\/ -->\n<title>Fundici\u00f3n - idemach.com<\/title>\n<meta name=\"robots\" content=\"index, follow, max-snippet:-1, max-image-preview:large, max-video-preview:-1\" \/>\n<link rel=\"canonical\" href=\"https:\/\/idemach.com\/index.php\/servicios\/fundicion\/\" \/>\n<meta property=\"og:locale\" content=\"en_US\" \/>\n<meta property=\"og:type\" content=\"article\" \/>\n<meta property=\"og:title\" content=\"Fundici\u00f3n - idemach.com\" \/>\n<meta property=\"og:description\" content=\"FUNDICION\u200b\" \/>\n<meta property=\"og:url\" content=\"https:\/\/idemach.com\/index.php\/servicios\/fundicion\/\" \/>\n<meta property=\"og:site_name\" content=\"idemach.com\" \/>\n<meta property=\"article:modified_time\" content=\"2023-08-28T04:06:55+00:00\" \/>\n<meta property=\"og:image\" content=\"https:\/\/idemach.com\/wp-content\/uploads\/2023\/08\/policast-n.png\" \/>\n<meta name=\"twitter:card\" content=\"summary_large_image\" \/>\n<meta name=\"twitter:label1\" content=\"Est. reading time\" \/>\n\t<meta name=\"twitter:data1\" content=\"2 minutes\" \/>\n<script type=\"application\/ld+json\" class=\"yoast-schema-graph\">{\"@context\":\"https:\/\/schema.org\",\"@graph\":[{\"@type\":\"WebPage\",\"@id\":\"https:\/\/idemach.com\/index.php\/servicios\/fundicion\/\",\"url\":\"https:\/\/idemach.com\/index.php\/servicios\/fundicion\/\",\"name\":\"Fundici\u00f3n - idemach.com\",\"isPartOf\":{\"@id\":\"https:\/\/idemach.com\/#website\"},\"datePublished\":\"2023-08-09T03:30:46+00:00\",\"dateModified\":\"2023-08-28T04:06:55+00:00\",\"breadcrumb\":{\"@id\":\"https:\/\/idemach.com\/index.php\/servicios\/fundicion\/#breadcrumb\"},\"inLanguage\":\"en-US\",\"potentialAction\":[{\"@type\":\"ReadAction\",\"target\":[\"https:\/\/idemach.com\/index.php\/servicios\/fundicion\/\"]}]},{\"@type\":\"BreadcrumbList\",\"@id\":\"https:\/\/idemach.com\/index.php\/servicios\/fundicion\/#breadcrumb\",\"itemListElement\":[{\"@type\":\"ListItem\",\"position\":1,\"name\":\"Inicio\",\"item\":\"https:\/\/idemach.com\/\"},{\"@type\":\"ListItem\",\"position\":2,\"name\":\"Servicios\",\"item\":\"https:\/\/idemach.com\/index.php\/servicios\/\"},{\"@type\":\"ListItem\",\"position\":3,\"name\":\"Fundici\u00f3n\"}]},{\"@type\":\"WebSite\",\"@id\":\"https:\/\/idemach.com\/#website\",\"url\":\"https:\/\/idemach.com\/\",\"name\":\"idemach.com\",\"description\":\"\",\"publisher\":{\"@id\":\"https:\/\/idemach.com\/#organization\"},\"potentialAction\":[{\"@type\":\"SearchAction\",\"target\":{\"@type\":\"EntryPoint\",\"urlTemplate\":\"https:\/\/idemach.com\/?s={search_term_string}\"},\"query-input\":\"required name=search_term_string\"}],\"inLanguage\":\"en-US\"},{\"@type\":\"Organization\",\"@id\":\"https:\/\/idemach.com\/#organization\",\"name\":\"idemach.com\",\"url\":\"https:\/\/idemach.com\/\",\"logo\":{\"@type\":\"ImageObject\",\"inLanguage\":\"en-US\",\"@id\":\"https:\/\/idemach.com\/#\/schema\/logo\/image\/\",\"url\":\"https:\/\/idemach.com\/wp-content\/uploads\/2023\/08\/blend010723194200.png\",\"contentUrl\":\"https:\/\/idemach.com\/wp-content\/uploads\/2023\/08\/blend010723194200.png\",\"width\":1736,\"height\":727,\"caption\":\"idemach.com\"},\"image\":{\"@id\":\"https:\/\/idemach.com\/#\/schema\/logo\/image\/\"}}]}<\/script>\n<!-- \/ Yoast SEO plugin. -->","yoast_head_json":{"title":"Fundici\u00f3n - idemach.com","robots":{"index":"index","follow":"follow","max-snippet":"max-snippet:-1","max-image-preview":"max-image-preview:large","max-video-preview":"max-video-preview:-1"},"canonical":"https:\/\/idemach.com\/index.php\/servicios\/fundicion\/","og_locale":"en_US","og_type":"article","og_title":"Fundici\u00f3n - idemach.com","og_description":"FUNDICION\u200b","og_url":"https:\/\/idemach.com\/index.php\/servicios\/fundicion\/","og_site_name":"idemach.com","article_modified_time":"2023-08-28T04:06:55+00:00","og_image":[{"url":"https:\/\/idemach.com\/wp-content\/uploads\/2023\/08\/policast-n.png"}],"twitter_card":"summary_large_image","twitter_misc":{"Est. reading time":"2 minutes"},"schema":{"@context":"https:\/\/schema.org","@graph":[{"@type":"WebPage","@id":"https:\/\/idemach.com\/index.php\/servicios\/fundicion\/","url":"https:\/\/idemach.com\/index.php\/servicios\/fundicion\/","name":"Fundici\u00f3n - idemach.com","isPartOf":{"@id":"https:\/\/idemach.com\/#website"},"datePublished":"2023-08-09T03:30:46+00:00","dateModified":"2023-08-28T04:06:55+00:00","breadcrumb":{"@id":"https:\/\/idemach.com\/index.php\/servicios\/fundicion\/#breadcrumb"},"inLanguage":"en-US","potentialAction":[{"@type":"ReadAction","target":["https:\/\/idemach.com\/index.php\/servicios\/fundicion\/"]}]},{"@type":"BreadcrumbList","@id":"https:\/\/idemach.com\/index.php\/servicios\/fundicion\/#breadcrumb","itemListElement":[{"@type":"ListItem","position":1,"name":"Inicio","item":"https:\/\/idemach.com\/"},{"@type":"ListItem","position":2,"name":"Servicios","item":"https:\/\/idemach.com\/index.php\/servicios\/"},{"@type":"ListItem","position":3,"name":"Fundici\u00f3n"}]},{"@type":"WebSite","@id":"https:\/\/idemach.com\/#website","url":"https:\/\/idemach.com\/","name":"idemach.com","description":"","publisher":{"@id":"https:\/\/idemach.com\/#organization"},"potentialAction":[{"@type":"SearchAction","target":{"@type":"EntryPoint","urlTemplate":"https:\/\/idemach.com\/?s={search_term_string}"},"query-input":"required name=search_term_string"}],"inLanguage":"en-US"},{"@type":"Organization","@id":"https:\/\/idemach.com\/#organization","name":"idemach.com","url":"https:\/\/idemach.com\/","logo":{"@type":"ImageObject","inLanguage":"en-US","@id":"https:\/\/idemach.com\/#\/schema\/logo\/image\/","url":"https:\/\/idemach.com\/wp-content\/uploads\/2023\/08\/blend010723194200.png","contentUrl":"https:\/\/idemach.com\/wp-content\/uploads\/2023\/08\/blend010723194200.png","width":1736,"height":727,"caption":"idemach.com"},"image":{"@id":"https:\/\/idemach.com\/#\/schema\/logo\/image\/"}}]}},"uagb_featured_image_src":{"full":false,"thumbnail":false,"medium":false,"medium_large":false,"large":false,"1536x1536":false,"2048x2048":false,"mailpoet_newsletter_max":false},"uagb_author_info":{"display_name":"idemach.com","author_link":"https:\/\/idemach.com\/index.php\/author\/idemach-com\/"},"uagb_comment_info":0,"uagb_excerpt":"FUNDICION\u200b","_links":{"self":[{"href":"https:\/\/idemach.com\/index.php\/wp-json\/wp\/v2\/pages\/839"}],"collection":[{"href":"https:\/\/idemach.com\/index.php\/wp-json\/wp\/v2\/pages"}],"about":[{"href":"https:\/\/idemach.com\/index.php\/wp-json\/wp\/v2\/types\/page"}],"author":[{"embeddable":true,"href":"https:\/\/idemach.com\/index.php\/wp-json\/wp\/v2\/users\/1"}],"replies":[{"embeddable":true,"href":"https:\/\/idemach.com\/index.php\/wp-json\/wp\/v2\/comments?post=839"}],"version-history":[{"count":34,"href":"https:\/\/idemach.com\/index.php\/wp-json\/wp\/v2\/pages\/839\/revisions"}],"predecessor-version":[{"id":1574,"href":"https:\/\/idemach.com\/index.php\/wp-json\/wp\/v2\/pages\/839\/revisions\/1574"}],"up":[{"embeddable":true,"href":"https:\/\/idemach.com\/index.php\/wp-json\/wp\/v2\/pages\/10"}],"wp:attachment":[{"href":"https:\/\/idemach.com\/index.php\/wp-json\/wp\/v2\/media?parent=839"}],"curies":[{"name":"wp","href":"https:\/\/api.w.org\/{rel}","templated":true}]}}