{"id":870,"date":"2023-08-09T19:07:36","date_gmt":"2023-08-09T19:07:36","guid":{"rendered":"https:\/\/idemach.com\/?page_id=870"},"modified":"2023-08-28T04:01:55","modified_gmt":"2023-08-28T04:01:55","slug":"ventajas-de-la-impresion-3d","status":"publish","type":"page","link":"https:\/\/idemach.com\/index.php\/servicios\/impresion-3d\/ventajas-de-la-impresion-3d\/","title":{"rendered":"Ventajas de la impresion 3d"},"content":{"rendered":"\n<div class=\"wp-block-uagb-container uagb-block-61b7f5e0 alignfull uagb-is-root-container\"><div class=\"uagb-container-inner-blocks-wrap\">\n<div class=\"wp-block-uagb-advanced-heading uagb-block-8114b16d\"><h1 class=\"uagb-heading-text\">ventajas de la impresion 3d\u200b<\/h1><\/div>\n<\/div><\/div>\n\n\n\n<div class=\"wp-block-uagb-container uagb-block-5f4b1139 alignfull uagb-is-root-container\"><div class=\"uagb-container-inner-blocks-wrap\">\n<div class=\"wp-block-uagb-container uagb-block-45ddd987\">\n<div class=\"wp-block-uagb-info-box uagb-block-adb037c7 uagb-infobox__content-wrap  uagb-infobox-icon-above-title uagb-infobox-image-valign-top\"><div class=\"uagb-ifb-content\"><div class=\"uagb-ifb-title-wrap\"><h2 class=\"uagb-ifb-title\"><strong>Dise\u00f1o optimizado<\/strong><\/h2><\/div><p class=\"uagb-ifb-desc\">La capacidad de producir prototipos y piezas en 3D permite a los ingenieros y dise\u00f1adores experimentar con diferentes geometr\u00edas y configuraciones. Esto lleva a la creaci\u00f3n de dise\u00f1os m\u00e1s optimizados y eficientes en t\u00e9rminos de peso y rendimiento.<\/p><\/div><\/div>\n<\/div>\n\n\n\n<div class=\"wp-block-uagb-container uagb-block-262e34d4\">\n<div class=\"wp-block-uagb-image uagb-block-e9dfbbe9 wp-block-uagb-image--layout-default wp-block-uagb-image--effect-static wp-block-uagb-image--align-none\"><figure class=\"wp-block-uagb-image__figure\"><img decoding=\"async\" srcset=\"https:\/\/idemach.com\/wp-content\/uploads\/2023\/08\/optimizacion-1.png \" sizes=\"(max-width: 480px) 150px\" src=\"https:\/\/idemach.com\/wp-content\/uploads\/2023\/08\/optimizacion-1.png\" alt=\"\" class=\"uag-image-1317\" width=\"845\" height=\"553\" title=\"\" loading=\"lazy\"\/><\/figure><\/div>\n<\/div>\n<\/div><\/div>\n\n\n\n<div class=\"wp-block-uagb-container uagb-block-e3ee6a34 alignfull uagb-is-root-container\"><div class=\"uagb-container-inner-blocks-wrap\">\n<div class=\"wp-block-uagb-container uagb-block-d8445907\">\n<div class=\"wp-block-uagb-image uagb-block-7b1c8245 wp-block-uagb-image--layout-default wp-block-uagb-image--effect-zoomin wp-block-uagb-image--align-none\"><figure class=\"wp-block-uagb-image__figure\"><img decoding=\"async\" srcset=\"https:\/\/idemach.com\/wp-content\/uploads\/2023\/08\/personalizacion-en-masa-1.png \" sizes=\"(max-width: 480px) 150px\" src=\"https:\/\/idemach.com\/wp-content\/uploads\/2023\/08\/personalizacion-en-masa-1.png\" alt=\"\" class=\"uag-image-1319\" width=\"845\" height=\"553\" title=\"\" loading=\"lazy\"\/><\/figure><\/div>\n<\/div>\n\n\n\n<div class=\"wp-block-uagb-container uagb-block-e03c7a26\">\n<div class=\"wp-block-uagb-info-box uagb-block-a0b8ede5 uagb-infobox__content-wrap  uagb-infobox-icon-above-title uagb-infobox-image-valign-top\"><div class=\"uagb-ifb-content\"><div class=\"uagb-ifb-title-wrap\"><h2 class=\"uagb-ifb-title\"><strong>Personalizaci\u00f3n en masa<\/strong><\/h2><\/div><p class=\"uagb-ifb-desc\">Permite la fabricaci\u00f3n de productos altamente personalizados en masa. Cada pieza puede ser ligeramente diferente sin incurrir en costos significativos, lo que satisface las necesidades individuales de los clientes y crea productos \u00fanicos.<\/p><\/div><\/div>\n<\/div>\n<\/div><\/div>\n\n\n\n<div class=\"wp-block-uagb-container uagb-block-3f5f4e69 alignfull uagb-is-root-container\"><div class=\"uagb-container-inner-blocks-wrap\">\n<div class=\"wp-block-uagb-container uagb-block-c9f4129b\">\n<div class=\"wp-block-uagb-info-box uagb-block-b3abec9a uagb-infobox__content-wrap  uagb-infobox-icon-above-title uagb-infobox-image-valign-top\"><div class=\"uagb-ifb-content\"><div class=\"uagb-ifb-title-wrap\"><h2 class=\"uagb-ifb-title\"><strong><strong>Menos desperdicio de material<\/strong><\/strong><\/h2><\/div><p class=\"uagb-ifb-desc\">En comparaci\u00f3n con los m\u00e9todos de fabricaci\u00f3n sustractiva, como el mecanizado CNC, la impresi\u00f3n 3D produce menos desperdicio de material, ya que solo se utiliza el material necesario para crear la pieza.<\/p><\/div><\/div>\n<\/div>\n\n\n\n<div class=\"wp-block-uagb-container uagb-block-a50c838b\">\n<div class=\"wp-block-uagb-image uagb-block-586c0a4d wp-block-uagb-image--layout-default wp-block-uagb-image--effect-zoomin wp-block-uagb-image--align-none\"><figure class=\"wp-block-uagb-image__figure\"><img decoding=\"async\" srcset=\"https:\/\/idemach.com\/wp-content\/uploads\/2023\/08\/menos-desperdicio-de-materiales-1.png \" sizes=\"(max-width: 480px) 150px\" src=\"https:\/\/idemach.com\/wp-content\/uploads\/2023\/08\/menos-desperdicio-de-materiales-1.png\" alt=\"\" class=\"uag-image-1320\" width=\"845\" height=\"553\" title=\"\" loading=\"lazy\"\/><\/figure><\/div>\n<\/div>\n<\/div><\/div>\n\n\n\n<div class=\"wp-block-uagb-container uagb-block-9b164a94 alignfull uagb-is-root-container\"><div class=\"uagb-container-inner-blocks-wrap\">\n<div class=\"wp-block-uagb-container uagb-block-1f8e197d\">\n<div class=\"wp-block-uagb-image uagb-block-5140eea0 wp-block-uagb-image--layout-default wp-block-uagb-image--effect-zoomin wp-block-uagb-image--align-none\"><figure class=\"wp-block-uagb-image__figure\"><img decoding=\"async\" srcset=\"http:\/\/idemach.com\/wp-content\/uploads\/2023\/08\/reduccion-de-tiempos.png \" sizes=\"(max-width: 480px) 150px\" src=\"http:\/\/idemach.com\/wp-content\/uploads\/2023\/08\/reduccion-de-tiempos.png\" alt=\"\" class=\"uag-image-898\" width=\"845\" height=\"553\" loading=\"lazy\"\/><\/figure><\/div>\n<\/div>\n\n\n\n<div class=\"wp-block-uagb-container uagb-block-b892b5c3\">\n<div class=\"wp-block-uagb-info-box uagb-block-11e4bb75 uagb-infobox__content-wrap  uagb-infobox-icon-above-title uagb-infobox-image-valign-top\"><div class=\"uagb-ifb-content\"><div class=\"uagb-ifb-title-wrap\"><h2 class=\"uagb-ifb-title\"><strong>Reducci\u00f3n de plazos de entrega<\/strong><\/h2><\/div><p class=\"uagb-ifb-desc\">La impresi\u00f3n 3D puede acortar los plazos de entrega al evitar largos procesos de fabricaci\u00f3n y log\u00edstica. Esto es especialmente valioso en la producci\u00f3n de piezas de repuesto y componentes cr\u00edticos.<\/p><\/div><\/div>\n<\/div>\n<\/div><\/div>\n\n\n\n<div class=\"wp-block-uagb-container uagb-block-1a0ac0d3 alignfull uagb-is-root-container\"><div class=\"uagb-container-inner-blocks-wrap\">\n<div class=\"wp-block-uagb-container uagb-block-7126ddb2\">\n<div class=\"wp-block-uagb-info-box uagb-block-4ab063c4 uagb-infobox__content-wrap  uagb-infobox-icon-above-title uagb-infobox-image-valign-top\"><div class=\"uagb-ifb-content\"><div class=\"uagb-ifb-title-wrap\"><h2 class=\"uagb-ifb-title\"><strong>Innovaci\u00f3n continua<\/strong><\/h2><\/div><p class=\"uagb-ifb-desc\">La impresi\u00f3n 3D fomenta la innovaci\u00f3n al permitir a las empresas experimentar con nuevos dise\u00f1os y conceptos de manera r\u00e1pida y rentable. Esto puede dar lugar a productos y soluciones disruptivas que no ser\u00edan posibles con m\u00e9todos de fabricaci\u00f3n convencionales.<\/p><\/div><\/div>\n<\/div>\n\n\n\n<div class=\"wp-block-uagb-container uagb-block-e5eff1c2\">\n<div class=\"wp-block-uagb-image uagb-block-80fc0941 wp-block-uagb-image--layout-default wp-block-uagb-image--effect-zoomin wp-block-uagb-image--align-none\"><figure class=\"wp-block-uagb-image__figure\"><img decoding=\"async\" srcset=\"http:\/\/idemach.com\/wp-content\/uploads\/2023\/08\/innovacion-continua.png \" sizes=\"(max-width: 480px) 150px\" src=\"http:\/\/idemach.com\/wp-content\/uploads\/2023\/08\/innovacion-continua.png\" alt=\"\" class=\"uag-image-899\" width=\"845\" height=\"553\" loading=\"lazy\"\/><\/figure><\/div>\n<\/div>\n<\/div><\/div>\n\n\n\n<div class=\"wp-block-uagb-container uagb-block-b581b451 alignfull uagb-is-root-container\"><div class=\"uagb-container-inner-blocks-wrap\">\n<div class=\"wp-block-uagb-container uagb-block-e47ae094\">\n<div class=\"wp-block-uagb-image uagb-block-f42c44b0 wp-block-uagb-image--layout-default wp-block-uagb-image--effect-zoomin wp-block-uagb-image--align-none\"><figure class=\"wp-block-uagb-image__figure\"><img decoding=\"async\" srcset=\"http:\/\/idemach.com\/wp-content\/uploads\/2023\/08\/localizacion-de-la-produccion.png \" sizes=\"(max-width: 480px) 150px\" src=\"http:\/\/idemach.com\/wp-content\/uploads\/2023\/08\/localizacion-de-la-produccion.png\" alt=\"\" class=\"uag-image-900\" width=\"845\" height=\"553\" loading=\"lazy\"\/><\/figure><\/div>\n<\/div>\n\n\n\n<div class=\"wp-block-uagb-container uagb-block-474aff9f\">\n<div class=\"wp-block-uagb-info-box uagb-block-04a2559c uagb-infobox__content-wrap  uagb-infobox-icon-above-title uagb-infobox-image-valign-top\"><div class=\"uagb-ifb-content\"><div class=\"uagb-ifb-title-wrap\"><h2 class=\"uagb-ifb-title\"><strong>Localizaci\u00f3n de la producci\u00f3n<\/strong><\/h2><\/div><p class=\"uagb-ifb-desc\">La impresi\u00f3n 3D reduce la dependencia de la producci\u00f3n en masa en ubicaciones lejanas, lo que puede ayudar a acortar las cadenas de suministro y mejorar la resiliencia ante interrupciones globales.<\/p><\/div><\/div>\n<\/div>\n<\/div><\/div>\n\n\n\n<p><\/p>\n","protected":false},"excerpt":{"rendered":"<p>ventajas de la impresion 3d\u200b<\/p>\n","protected":false},"author":1,"featured_media":0,"parent":565,"menu_order":1,"comment_status":"closed","ping_status":"closed","template":"","meta":{"_uag_custom_page_level_css":"","site-sidebar-layout":"no-sidebar","site-content-layout":"plain-container","ast-site-content-layout":"normal-width-container","site-content-style":"unboxed","site-sidebar-style":"unboxed","ast-global-header-display":"","ast-banner-title-visibility":"","ast-main-header-display":"","ast-hfb-above-header-display":"","ast-hfb-below-header-display":"","ast-hfb-mobile-header-display":"","site-post-title":"disabled","ast-breadcrumbs-content":"","ast-featured-img":"","footer-sml-layout":"","theme-transparent-header-meta":"enabled","adv-header-id-meta":"","stick-header-meta":"","header-above-stick-meta":"","header-main-stick-meta":"","header-below-stick-meta":"","astra-migrate-meta-layouts":"set","ast-page-background-enabled":"default","ast-page-background-meta":{"desktop":{"background-color":"","background-image":"","background-repeat":"repeat","background-position":"center center","background-size":"auto","background-attachment":"scroll","background-type":"","background-media":"","overlay-type":"","overlay-color":"","overlay-opacity":"","overlay-gradient":""},"tablet":{"background-color":"","background-image":"","background-repeat":"repeat","background-position":"center center","background-size":"auto","background-attachment":"scroll","background-type":"","background-media":"","overlay-type":"","overlay-color":"","overlay-opacity":"","overlay-gradient":""},"mobile":{"background-color":"","background-image":"","background-repeat":"repeat","background-position":"center center","background-size":"auto","background-attachment":"scroll","background-type":"","background-media":"","overlay-type":"","overlay-color":"","overlay-opacity":"","overlay-gradient":""}},"ast-content-background-meta":{"desktop":{"background-color":"var(--ast-global-color-5)","background-image":"","background-repeat":"repeat","background-position":"center center","background-size":"auto","background-attachment":"scroll","background-type":"","background-media":"","overlay-type":"","overlay-color":"","overlay-opacity":"","overlay-gradient":""},"tablet":{"background-color":"var(--ast-global-color-5)","background-image":"","background-repeat":"repeat","background-position":"center center","background-size":"auto","background-attachment":"scroll","background-type":"","background-media":"","overlay-type":"","overlay-color":"","overlay-opacity":"","overlay-gradient":""},"mobile":{"background-color":"var(--ast-global-color-5)","background-image":"","background-repeat":"repeat","background-position":"center center","background-size":"auto","background-attachment":"scroll","background-type":"","background-media":"","overlay-type":"","overlay-color":"","overlay-opacity":"","overlay-gradient":""}},"footnotes":""},"class_list":["post-870","page","type-page","status-publish","hentry"],"yoast_head":"<!-- This site is optimized with the Yoast SEO plugin v21.0 - https:\/\/yoast.com\/wordpress\/plugins\/seo\/ -->\n<title>Ventajas de la impresion 3d - idemach.com<\/title>\n<meta name=\"description\" content=\"Dise\u00f1o optimizado, Personalizaci\u00f3n en masa, Menos desperdicio de material, Reducci\u00f3n de plazos de entrega, Innovaci\u00f3n continua\" \/>\n<meta name=\"robots\" content=\"index, follow, max-snippet:-1, max-image-preview:large, max-video-preview:-1\" \/>\n<link rel=\"canonical\" href=\"https:\/\/idemach.com\/index.php\/servicios\/impresion-3d\/ventajas-de-la-impresion-3d\/\" \/>\n<meta property=\"og:locale\" content=\"en_US\" \/>\n<meta property=\"og:type\" content=\"article\" \/>\n<meta property=\"og:title\" content=\"Ventajas de la impresion 3d - idemach.com\" \/>\n<meta property=\"og:description\" content=\"Dise\u00f1o optimizado, Personalizaci\u00f3n en masa, Menos desperdicio de material, Reducci\u00f3n de plazos de entrega, Innovaci\u00f3n continua\" \/>\n<meta property=\"og:url\" content=\"https:\/\/idemach.com\/index.php\/servicios\/impresion-3d\/ventajas-de-la-impresion-3d\/\" \/>\n<meta property=\"og:site_name\" content=\"idemach.com\" \/>\n<meta property=\"article:modified_time\" content=\"2023-08-28T04:01:55+00:00\" \/>\n<meta property=\"og:image\" content=\"https:\/\/idemach.com\/wp-content\/uploads\/2023\/08\/optimizacion-1.png\" \/>\n<meta name=\"twitter:card\" content=\"summary_large_image\" \/>\n<meta name=\"twitter:label1\" content=\"Est. reading time\" \/>\n\t<meta name=\"twitter:data1\" content=\"3 minutes\" \/>\n<script type=\"application\/ld+json\" class=\"yoast-schema-graph\">{\"@context\":\"https:\/\/schema.org\",\"@graph\":[{\"@type\":\"TechArticle\",\"@id\":\"https:\/\/idemach.com\/index.php\/servicios\/impresion-3d\/ventajas-de-la-impresion-3d\/#article\",\"isPartOf\":{\"@id\":\"https:\/\/idemach.com\/index.php\/servicios\/impresion-3d\/ventajas-de-la-impresion-3d\/\"},\"author\":{\"name\":\"idemach.com\",\"@id\":\"https:\/\/idemach.com\/#\/schema\/person\/c6971ac64d3f5a3d82c257910b20d5f6\"},\"headline\":\"Ventajas de la impresion 3d\",\"datePublished\":\"2023-08-09T19:07:36+00:00\",\"dateModified\":\"2023-08-28T04:01:55+00:00\",\"mainEntityOfPage\":{\"@id\":\"https:\/\/idemach.com\/index.php\/servicios\/impresion-3d\/ventajas-de-la-impresion-3d\/\"},\"wordCount\":266,\"publisher\":{\"@id\":\"https:\/\/idemach.com\/#organization\"},\"inLanguage\":\"en-US\"},{\"@type\":[\"WebPage\",\"ItemPage\"],\"@id\":\"https:\/\/idemach.com\/index.php\/servicios\/impresion-3d\/ventajas-de-la-impresion-3d\/\",\"url\":\"https:\/\/idemach.com\/index.php\/servicios\/impresion-3d\/ventajas-de-la-impresion-3d\/\",\"name\":\"Ventajas de la impresion 3d - idemach.com\",\"isPartOf\":{\"@id\":\"https:\/\/idemach.com\/#website\"},\"datePublished\":\"2023-08-09T19:07:36+00:00\",\"dateModified\":\"2023-08-28T04:01:55+00:00\",\"description\":\"Dise\u00f1o optimizado, Personalizaci\u00f3n en masa, Menos desperdicio de material, Reducci\u00f3n de plazos de entrega, Innovaci\u00f3n continua\",\"breadcrumb\":{\"@id\":\"https:\/\/idemach.com\/index.php\/servicios\/impresion-3d\/ventajas-de-la-impresion-3d\/#breadcrumb\"},\"inLanguage\":\"en-US\",\"potentialAction\":[{\"@type\":\"ReadAction\",\"target\":[\"https:\/\/idemach.com\/index.php\/servicios\/impresion-3d\/ventajas-de-la-impresion-3d\/\"]}]},{\"@type\":\"BreadcrumbList\",\"@id\":\"https:\/\/idemach.com\/index.php\/servicios\/impresion-3d\/ventajas-de-la-impresion-3d\/#breadcrumb\",\"itemListElement\":[{\"@type\":\"ListItem\",\"position\":1,\"name\":\"Inicio\",\"item\":\"https:\/\/idemach.com\/\"},{\"@type\":\"ListItem\",\"position\":2,\"name\":\"Servicios\",\"item\":\"https:\/\/idemach.com\/index.php\/servicios\/\"},{\"@type\":\"ListItem\",\"position\":3,\"name\":\"Impresion 3D\",\"item\":\"https:\/\/idemach.com\/index.php\/servicios\/impresion-3d\/\"},{\"@type\":\"ListItem\",\"position\":4,\"name\":\"Ventajas de la impresion 3d\"}]},{\"@type\":\"WebSite\",\"@id\":\"https:\/\/idemach.com\/#website\",\"url\":\"https:\/\/idemach.com\/\",\"name\":\"idemach.com\",\"description\":\"\",\"publisher\":{\"@id\":\"https:\/\/idemach.com\/#organization\"},\"potentialAction\":[{\"@type\":\"SearchAction\",\"target\":{\"@type\":\"EntryPoint\",\"urlTemplate\":\"https:\/\/idemach.com\/?s={search_term_string}\"},\"query-input\":\"required name=search_term_string\"}],\"inLanguage\":\"en-US\"},{\"@type\":\"Organization\",\"@id\":\"https:\/\/idemach.com\/#organization\",\"name\":\"idemach.com\",\"url\":\"https:\/\/idemach.com\/\",\"logo\":{\"@type\":\"ImageObject\",\"inLanguage\":\"en-US\",\"@id\":\"https:\/\/idemach.com\/#\/schema\/logo\/image\/\",\"url\":\"https:\/\/idemach.com\/wp-content\/uploads\/2023\/08\/blend010723194200.png\",\"contentUrl\":\"https:\/\/idemach.com\/wp-content\/uploads\/2023\/08\/blend010723194200.png\",\"width\":1736,\"height\":727,\"caption\":\"idemach.com\"},\"image\":{\"@id\":\"https:\/\/idemach.com\/#\/schema\/logo\/image\/\"}},{\"@type\":\"Person\",\"@id\":\"https:\/\/idemach.com\/#\/schema\/person\/c6971ac64d3f5a3d82c257910b20d5f6\",\"name\":\"idemach.com\",\"image\":{\"@type\":\"ImageObject\",\"inLanguage\":\"en-US\",\"@id\":\"https:\/\/idemach.com\/#\/schema\/person\/image\/\",\"url\":\"https:\/\/secure.gravatar.com\/avatar\/314e76965fa0adab3fa079f52c5e8e9f?s=96&d=mm&r=g\",\"contentUrl\":\"https:\/\/secure.gravatar.com\/avatar\/314e76965fa0adab3fa079f52c5e8e9f?s=96&d=mm&r=g\",\"caption\":\"idemach.com\"},\"sameAs\":[\"http:\/\/idemach.com\"],\"url\":\"https:\/\/idemach.com\/index.php\/author\/idemach-com\/\"}]}<\/script>\n<!-- \/ Yoast SEO plugin. -->","yoast_head_json":{"title":"Ventajas de la impresion 3d - idemach.com","description":"Dise\u00f1o optimizado, Personalizaci\u00f3n en masa, Menos desperdicio de material, Reducci\u00f3n de plazos de entrega, Innovaci\u00f3n continua","robots":{"index":"index","follow":"follow","max-snippet":"max-snippet:-1","max-image-preview":"max-image-preview:large","max-video-preview":"max-video-preview:-1"},"canonical":"https:\/\/idemach.com\/index.php\/servicios\/impresion-3d\/ventajas-de-la-impresion-3d\/","og_locale":"en_US","og_type":"article","og_title":"Ventajas de la impresion 3d - idemach.com","og_description":"Dise\u00f1o optimizado, Personalizaci\u00f3n en masa, Menos desperdicio de material, Reducci\u00f3n de plazos de entrega, Innovaci\u00f3n continua","og_url":"https:\/\/idemach.com\/index.php\/servicios\/impresion-3d\/ventajas-de-la-impresion-3d\/","og_site_name":"idemach.com","article_modified_time":"2023-08-28T04:01:55+00:00","og_image":[{"url":"https:\/\/idemach.com\/wp-content\/uploads\/2023\/08\/optimizacion-1.png"}],"twitter_card":"summary_large_image","twitter_misc":{"Est. reading time":"3 minutes"},"schema":{"@context":"https:\/\/schema.org","@graph":[{"@type":"TechArticle","@id":"https:\/\/idemach.com\/index.php\/servicios\/impresion-3d\/ventajas-de-la-impresion-3d\/#article","isPartOf":{"@id":"https:\/\/idemach.com\/index.php\/servicios\/impresion-3d\/ventajas-de-la-impresion-3d\/"},"author":{"name":"idemach.com","@id":"https:\/\/idemach.com\/#\/schema\/person\/c6971ac64d3f5a3d82c257910b20d5f6"},"headline":"Ventajas de la impresion 3d","datePublished":"2023-08-09T19:07:36+00:00","dateModified":"2023-08-28T04:01:55+00:00","mainEntityOfPage":{"@id":"https:\/\/idemach.com\/index.php\/servicios\/impresion-3d\/ventajas-de-la-impresion-3d\/"},"wordCount":266,"publisher":{"@id":"https:\/\/idemach.com\/#organization"},"inLanguage":"en-US"},{"@type":["WebPage","ItemPage"],"@id":"https:\/\/idemach.com\/index.php\/servicios\/impresion-3d\/ventajas-de-la-impresion-3d\/","url":"https:\/\/idemach.com\/index.php\/servicios\/impresion-3d\/ventajas-de-la-impresion-3d\/","name":"Ventajas de la impresion 3d - idemach.com","isPartOf":{"@id":"https:\/\/idemach.com\/#website"},"datePublished":"2023-08-09T19:07:36+00:00","dateModified":"2023-08-28T04:01:55+00:00","description":"Dise\u00f1o optimizado, Personalizaci\u00f3n en masa, Menos desperdicio de material, Reducci\u00f3n de plazos de entrega, Innovaci\u00f3n continua","breadcrumb":{"@id":"https:\/\/idemach.com\/index.php\/servicios\/impresion-3d\/ventajas-de-la-impresion-3d\/#breadcrumb"},"inLanguage":"en-US","potentialAction":[{"@type":"ReadAction","target":["https:\/\/idemach.com\/index.php\/servicios\/impresion-3d\/ventajas-de-la-impresion-3d\/"]}]},{"@type":"BreadcrumbList","@id":"https:\/\/idemach.com\/index.php\/servicios\/impresion-3d\/ventajas-de-la-impresion-3d\/#breadcrumb","itemListElement":[{"@type":"ListItem","position":1,"name":"Inicio","item":"https:\/\/idemach.com\/"},{"@type":"ListItem","position":2,"name":"Servicios","item":"https:\/\/idemach.com\/index.php\/servicios\/"},{"@type":"ListItem","position":3,"name":"Impresion 3D","item":"https:\/\/idemach.com\/index.php\/servicios\/impresion-3d\/"},{"@type":"ListItem","position":4,"name":"Ventajas de la impresion 3d"}]},{"@type":"WebSite","@id":"https:\/\/idemach.com\/#website","url":"https:\/\/idemach.com\/","name":"idemach.com","description":"","publisher":{"@id":"https:\/\/idemach.com\/#organization"},"potentialAction":[{"@type":"SearchAction","target":{"@type":"EntryPoint","urlTemplate":"https:\/\/idemach.com\/?s={search_term_string}"},"query-input":"required name=search_term_string"}],"inLanguage":"en-US"},{"@type":"Organization","@id":"https:\/\/idemach.com\/#organization","name":"idemach.com","url":"https:\/\/idemach.com\/","logo":{"@type":"ImageObject","inLanguage":"en-US","@id":"https:\/\/idemach.com\/#\/schema\/logo\/image\/","url":"https:\/\/idemach.com\/wp-content\/uploads\/2023\/08\/blend010723194200.png","contentUrl":"https:\/\/idemach.com\/wp-content\/uploads\/2023\/08\/blend010723194200.png","width":1736,"height":727,"caption":"idemach.com"},"image":{"@id":"https:\/\/idemach.com\/#\/schema\/logo\/image\/"}},{"@type":"Person","@id":"https:\/\/idemach.com\/#\/schema\/person\/c6971ac64d3f5a3d82c257910b20d5f6","name":"idemach.com","image":{"@type":"ImageObject","inLanguage":"en-US","@id":"https:\/\/idemach.com\/#\/schema\/person\/image\/","url":"https:\/\/secure.gravatar.com\/avatar\/314e76965fa0adab3fa079f52c5e8e9f?s=96&d=mm&r=g","contentUrl":"https:\/\/secure.gravatar.com\/avatar\/314e76965fa0adab3fa079f52c5e8e9f?s=96&d=mm&r=g","caption":"idemach.com"},"sameAs":["http:\/\/idemach.com"],"url":"https:\/\/idemach.com\/index.php\/author\/idemach-com\/"}]}},"uagb_featured_image_src":{"full":false,"thumbnail":false,"medium":false,"medium_large":false,"large":false,"1536x1536":false,"2048x2048":false,"mailpoet_newsletter_max":false},"uagb_author_info":{"display_name":"idemach.com","author_link":"https:\/\/idemach.com\/index.php\/author\/idemach-com\/"},"uagb_comment_info":0,"uagb_excerpt":"ventajas de la impresion 3d\u200b","_links":{"self":[{"href":"https:\/\/idemach.com\/index.php\/wp-json\/wp\/v2\/pages\/870"}],"collection":[{"href":"https:\/\/idemach.com\/index.php\/wp-json\/wp\/v2\/pages"}],"about":[{"href":"https:\/\/idemach.com\/index.php\/wp-json\/wp\/v2\/types\/page"}],"author":[{"embeddable":true,"href":"https:\/\/idemach.com\/index.php\/wp-json\/wp\/v2\/users\/1"}],"replies":[{"embeddable":true,"href":"https:\/\/idemach.com\/index.php\/wp-json\/wp\/v2\/comments?post=870"}],"version-history":[{"count":13,"href":"https:\/\/idemach.com\/index.php\/wp-json\/wp\/v2\/pages\/870\/revisions"}],"predecessor-version":[{"id":1569,"href":"https:\/\/idemach.com\/index.php\/wp-json\/wp\/v2\/pages\/870\/revisions\/1569"}],"up":[{"embeddable":true,"href":"https:\/\/idemach.com\/index.php\/wp-json\/wp\/v2\/pages\/565"}],"wp:attachment":[{"href":"https:\/\/idemach.com\/index.php\/wp-json\/wp\/v2\/media?parent=870"}],"curies":[{"name":"wp","href":"https:\/\/api.w.org\/{rel}","templated":true}]}}