{"id":9,"date":"2020-09-15T10:28:06","date_gmt":"2020-09-15T10:28:06","guid":{"rendered":"https:\/\/idemach.com\/index.php\/about\/"},"modified":"2023-08-27T00:49:28","modified_gmt":"2023-08-27T00:49:28","slug":"about","status":"publish","type":"page","link":"https:\/\/idemach.com\/index.php\/about\/","title":{"rendered":"Nosotros"},"content":{"rendered":"\n<div class=\"wp-block-uagb-container uagb-block-7db9a795 alignfull uagb-is-root-container\"><div class=\"uagb-container-inner-blocks-wrap\">\n<div class=\"wp-block-uagb-advanced-heading uagb-block-5d0596af\"><h1 class=\"uagb-heading-text\">Nosotros\u200b<\/h1><\/div>\n\n\n\n<div class=\"wp-block-uagb-container uagb-block-5b27a608\">\n<div class=\"wp-block-uagb-info-box uagb-block-95b66126 uagb-infobox__content-wrap  uagb-infobox-icon-above-title uagb-infobox-image-valign-top uag-hide-tab\"><div class=\"uagb-ifb-content\"><div class=\"uagb-ifb-icon-wrap\"><svg xmlns=\"https:\/\/www.w3.org\/2000\/svg\" viewBox=\"0 0 320 512\"><path d=\"M281.6 392.3l-104 112.1c-9.498 10.24-25.69 10.24-35.19 0l-104-112.1c-6.484-6.992-8.219-17.18-4.404-25.94c3.811-8.758 12.45-14.42 21.1-14.42H128V32c0-17.69 14.33-32 32-32S192 14.31 192 32v319.9h72c9.547 0 18.19 5.66 22 14.42C289.8 375.1 288.1 385.3 281.6 392.3z\"><\/path><\/svg><\/div><div class=\"uagb-ifb-title-wrap\"><\/div><\/div><\/div>\n<\/div>\n<\/div><\/div>\n\n\n\n<div class=\"wp-block-uagb-container uagb-block-18ba82b0 alignfull uagb-is-root-container\"><div class=\"uagb-container-inner-blocks-wrap\">\n<div class=\"wp-block-uagb-container uagb-block-89f53e04\">\n<div class=\"wp-block-uagb-advanced-heading uagb-block-0668094a\"><\/div>\n\n\n\n<div class=\"wp-block-uagb-advanced-heading uagb-block-c24c18e9\"><h2 class=\"uagb-heading-text\">\u00a1Perm\u00edtenos ser tu socio en el camino hacia el \u00e9xito!<\/h2><\/div>\n<\/div>\n\n\n\n<div class=\"wp-block-uagb-container uagb-block-9ad5ce7f\">\n<div class=\"wp-block-uagb-advanced-heading uagb-block-9337bf5c\"><h3 class=\"uagb-heading-text\">Pasi\u00f3n y perfecci\u00f3n en cada detalle, 5 a\u00f1os y contando&#8230;<\/h3><p class=\"uagb-desc-text\">Somos una empresa Chihuahuense especializada en fabricaci\u00f3n avanzada que combina creatividad con tecnolog\u00eda de vanguardia para materializar tus ideas. Ofrecemos soluciones de fabricaci\u00f3n personalizadas y de alta calidad, entregando resultados precisos y eficientes.<\/p><\/div>\n<\/div>\n<\/div><\/div>\n\n\n\n<div class=\"wp-block-uagb-container uagb-block-fa1a271d alignfull uagb-is-root-container\"><div class=\"uagb-container-inner-blocks-wrap\">\n<h2 class=\"wp-block-heading has-text-align-center has-ast-global-color-1-color has-text-color\" style=\"margin-right:0;margin-left:0;padding-top:0;padding-bottom:0\">Nos apasiona enfrentar desaf\u00edos t\u00e9cnicos y convertirlos en oportunidades para llevar tus proyectos al siguiente nivel.<\/h2>\n<\/div><\/div>\n\n\n\n<div class=\"wp-block-uagb-container uagb-block-147628ce alignfull uagb-is-root-container\"><div class=\"uagb-container-inner-blocks-wrap\">\n<div class=\"wp-block-uagb-container uagb-block-411b5434\">\n<div class=\"wp-block-uagb-advanced-heading uagb-block-9b2b5dbe\"><h2 class=\"uagb-heading-text\">Soluciones Innovadoras<\/h2><\/div>\n<\/div>\n\n\n\n<div class=\"wp-block-uagb-container uagb-block-e1d5205d\">\n<div class=\"wp-block-uagb-info-box uagb-block-e6425682 uagb-infobox__content-wrap  uagb-infobox-icon-above-title uagb-infobox-image-valign-top\"><div class=\"uagb-ifb-content\"><div class=\"uagb-ifb-title-wrap\"><\/div><p class=\"uagb-ifb-desc\">Desde el dise\u00f1o conceptual hasta la producci\u00f3n final, nuestro enfoque es mantenernos a la vanguardia de la tecnolog\u00eda, lo que nos permite ofrecer soluciones innovadoras que superan las expectativas de nuestros clientes.<\/p><\/div><\/div>\n<\/div>\n<\/div><\/div>\n\n\n\n<div class=\"wp-block-uagb-container uagb-block-220d978f alignfull uagb-is-root-container\"><div class=\"uagb-container-inner-blocks-wrap\">\n<div class=\"wp-block-uagb-info-box uagb-block-c697d529 uagb-infobox__content-wrap  uagb-infobox-icon-above-title uagb-infobox-image-valign-top\"><div class=\"uagb-ifb-content\"><div class=\"uagb-ifb-title-wrap\"><h2 class=\"uagb-ifb-title\">Nos enorgullecemos de ser una empresa comprometida con el medio ambiente.<\/h2><\/div><div class=\"uagb-ifb-separator\"><\/div><p class=\"uagb-ifb-desc\">Implementamos pr\u00e1cticas sostenibles en nuestros procesos de fabricaci\u00f3n para reducir nuestro impacto ambiental y promover un futuro m\u00e1s ecol\u00f3gico.<\/p><\/div><\/div>\n<\/div><\/div>\n\n\n\n<div class=\"wp-block-uagb-container uagb-block-76f4d1a0 alignfull uagb-is-root-container\"><div class=\"uagb-container-inner-blocks-wrap\">\n<div class=\"wp-block-uagb-container uagb-block-5285e20e\">\n<div class=\"wp-block-uagb-advanced-heading uagb-block-52a1caf0\"><h3 class=\"uagb-heading-text\">Podemos Ayudarte a Encontrar la Soluci\u00f3n<\/h3><\/div>\n<\/div>\n\n\n\n<div class=\"wp-block-uagb-container uagb-block-cef13a8d\">\n<div class=\"wp-block-uagb-buttons uagb-buttons__outer-wrap uagb-btn__default-btn uagb-btn-tablet__default-btn uagb-btn-mobile__default-btn uagb-block-6f4e22f6\"><div class=\"uagb-buttons__wrap uagb-buttons-layout-wrap\">\n<div class=\"wp-block-uagb-buttons-child uagb-buttons__outer-wrap uagb-block-84c8109c wp-block-button\"><div class=\"uagb-button__wrapper\"><a class=\"uagb-buttons-repeater wp-block-button__link\" href=\"https:\/\/idemach.com\/index.php\/contact\/\" onclick=\"return true;\" rel=\"follow noopener\" target=\"_self\"><div class=\"uagb-button__link\">Contacto<\/div><\/a><\/div><\/div>\n<\/div><\/div>\n<\/div>\n<\/div><\/div>\n","protected":false},"excerpt":{"rendered":"<p>Nosotros\u200b \u00a1Perm\u00edtenos ser tu socio en el camino hacia el \u00e9xito! Pasi\u00f3n y perfecci\u00f3n en cada detalle, 5 a\u00f1os y contando&#8230; Somos una empresa Chihuahuense especializada en fabricaci\u00f3n avanzada que combina creatividad con tecnolog\u00eda de vanguardia para materializar tus ideas. Ofrecemos soluciones de fabricaci\u00f3n personalizadas y de alta calidad, entregando resultados precisos y eficientes. Nos [&hellip;]<\/p>\n","protected":false},"author":1,"featured_media":0,"parent":0,"menu_order":0,"comment_status":"closed","ping_status":"closed","template":"","meta":{"_uag_custom_page_level_css":"","site-sidebar-layout":"no-sidebar","site-content-layout":"plain-container","ast-site-content-layout":"normal-width-container","site-content-style":"unboxed","site-sidebar-style":"unboxed","ast-global-header-display":"","ast-banner-title-visibility":"","ast-main-header-display":"","ast-hfb-above-header-display":"","ast-hfb-below-header-display":"","ast-hfb-mobile-header-display":"","site-post-title":"disabled","ast-breadcrumbs-content":"","ast-featured-img":"disabled","footer-sml-layout":"","theme-transparent-header-meta":"enabled","adv-header-id-meta":"","stick-header-meta":"","header-above-stick-meta":"","header-main-stick-meta":"","header-below-stick-meta":"","astra-migrate-meta-layouts":"set","ast-page-background-enabled":"default","ast-page-background-meta":{"desktop":{"background-color":"","background-image":"","background-repeat":"repeat","background-position":"center center","background-size":"auto","background-attachment":"scroll","background-type":"","background-media":"","overlay-type":"","overlay-color":"","overlay-opacity":"","overlay-gradient":""},"tablet":{"background-color":"","background-image":"","background-repeat":"repeat","background-position":"center center","background-size":"auto","background-attachment":"scroll","background-type":"","background-media":"","overlay-type":"","overlay-color":"","overlay-opacity":"","overlay-gradient":""},"mobile":{"background-color":"","background-image":"","background-repeat":"repeat","background-position":"center center","background-size":"auto","background-attachment":"scroll","background-type":"","background-media":"","overlay-type":"","overlay-color":"","overlay-opacity":"","overlay-gradient":""}},"ast-content-background-meta":{"desktop":{"background-color":"var(--ast-global-color-5)","background-image":"","background-repeat":"repeat","background-position":"center center","background-size":"auto","background-attachment":"scroll","background-type":"","background-media":"","overlay-type":"","overlay-color":"","overlay-opacity":"","overlay-gradient":""},"tablet":{"background-color":"var(--ast-global-color-5)","background-image":"","background-repeat":"repeat","background-position":"center center","background-size":"auto","background-attachment":"scroll","background-type":"","background-media":"","overlay-type":"","overlay-color":"","overlay-opacity":"","overlay-gradient":""},"mobile":{"background-color":"var(--ast-global-color-5)","background-image":"","background-repeat":"repeat","background-position":"center center","background-size":"auto","background-attachment":"scroll","background-type":"","background-media":"","overlay-type":"","overlay-color":"","overlay-opacity":"","overlay-gradient":""}},"footnotes":""},"class_list":["post-9","page","type-page","status-publish","hentry"],"yoast_head":"<!-- This site is optimized with the Yoast SEO plugin v21.0 - https:\/\/yoast.com\/wordpress\/plugins\/seo\/ -->\n<title>Nosotros - idemach.com<\/title>\n<meta name=\"description\" content=\"Empresa Chihuahuense especializada en fabricaci\u00f3n avanzada. Ofrecemos soluciones de fabricaci\u00f3n personalizadas y de alta calidad.\" \/>\n<meta name=\"robots\" content=\"index, follow, max-snippet:-1, max-image-preview:large, max-video-preview:-1\" \/>\n<link rel=\"canonical\" href=\"https:\/\/idemach.com\/index.php\/about\/\" \/>\n<meta property=\"og:locale\" content=\"en_US\" \/>\n<meta property=\"og:type\" content=\"article\" \/>\n<meta property=\"og:title\" content=\"Nosotros - idemach.com\" \/>\n<meta property=\"og:description\" content=\"Empresa Chihuahuense especializada en fabricaci\u00f3n avanzada. Ofrecemos soluciones de fabricaci\u00f3n personalizadas y de alta calidad.\" \/>\n<meta property=\"og:url\" content=\"https:\/\/idemach.com\/index.php\/about\/\" \/>\n<meta property=\"og:site_name\" content=\"idemach.com\" \/>\n<meta property=\"article:modified_time\" content=\"2023-08-27T00:49:28+00:00\" \/>\n<meta name=\"twitter:card\" content=\"summary_large_image\" \/>\n<meta name=\"twitter:label1\" content=\"Est. reading time\" \/>\n\t<meta name=\"twitter:data1\" content=\"1 minute\" \/>\n<script type=\"application\/ld+json\" class=\"yoast-schema-graph\">{\"@context\":\"https:\/\/schema.org\",\"@graph\":[{\"@type\":\"WebPage\",\"@id\":\"https:\/\/idemach.com\/index.php\/about\/\",\"url\":\"https:\/\/idemach.com\/index.php\/about\/\",\"name\":\"Nosotros - idemach.com\",\"isPartOf\":{\"@id\":\"https:\/\/idemach.com\/#website\"},\"datePublished\":\"2020-09-15T10:28:06+00:00\",\"dateModified\":\"2023-08-27T00:49:28+00:00\",\"description\":\"Empresa Chihuahuense especializada en fabricaci\u00f3n avanzada. Ofrecemos soluciones de fabricaci\u00f3n personalizadas y de alta calidad.\",\"breadcrumb\":{\"@id\":\"https:\/\/idemach.com\/index.php\/about\/#breadcrumb\"},\"inLanguage\":\"en-US\",\"potentialAction\":[{\"@type\":\"ReadAction\",\"target\":[\"https:\/\/idemach.com\/index.php\/about\/\"]}]},{\"@type\":\"BreadcrumbList\",\"@id\":\"https:\/\/idemach.com\/index.php\/about\/#breadcrumb\",\"itemListElement\":[{\"@type\":\"ListItem\",\"position\":1,\"name\":\"Inicio\",\"item\":\"https:\/\/idemach.com\/\"},{\"@type\":\"ListItem\",\"position\":2,\"name\":\"Nosotros\"}]},{\"@type\":\"WebSite\",\"@id\":\"https:\/\/idemach.com\/#website\",\"url\":\"https:\/\/idemach.com\/\",\"name\":\"idemach.com\",\"description\":\"\",\"publisher\":{\"@id\":\"https:\/\/idemach.com\/#organization\"},\"potentialAction\":[{\"@type\":\"SearchAction\",\"target\":{\"@type\":\"EntryPoint\",\"urlTemplate\":\"https:\/\/idemach.com\/?s={search_term_string}\"},\"query-input\":\"required name=search_term_string\"}],\"inLanguage\":\"en-US\"},{\"@type\":\"Organization\",\"@id\":\"https:\/\/idemach.com\/#organization\",\"name\":\"idemach.com\",\"url\":\"https:\/\/idemach.com\/\",\"logo\":{\"@type\":\"ImageObject\",\"inLanguage\":\"en-US\",\"@id\":\"https:\/\/idemach.com\/#\/schema\/logo\/image\/\",\"url\":\"https:\/\/idemach.com\/wp-content\/uploads\/2023\/08\/blend010723194200.png\",\"contentUrl\":\"https:\/\/idemach.com\/wp-content\/uploads\/2023\/08\/blend010723194200.png\",\"width\":1736,\"height\":727,\"caption\":\"idemach.com\"},\"image\":{\"@id\":\"https:\/\/idemach.com\/#\/schema\/logo\/image\/\"}}]}<\/script>\n<!-- \/ Yoast SEO plugin. -->","yoast_head_json":{"title":"Nosotros - idemach.com","description":"Empresa Chihuahuense especializada en fabricaci\u00f3n avanzada. Ofrecemos soluciones de fabricaci\u00f3n personalizadas y de alta calidad.","robots":{"index":"index","follow":"follow","max-snippet":"max-snippet:-1","max-image-preview":"max-image-preview:large","max-video-preview":"max-video-preview:-1"},"canonical":"https:\/\/idemach.com\/index.php\/about\/","og_locale":"en_US","og_type":"article","og_title":"Nosotros - idemach.com","og_description":"Empresa Chihuahuense especializada en fabricaci\u00f3n avanzada. Ofrecemos soluciones de fabricaci\u00f3n personalizadas y de alta calidad.","og_url":"https:\/\/idemach.com\/index.php\/about\/","og_site_name":"idemach.com","article_modified_time":"2023-08-27T00:49:28+00:00","twitter_card":"summary_large_image","twitter_misc":{"Est. reading time":"1 minute"},"schema":{"@context":"https:\/\/schema.org","@graph":[{"@type":"WebPage","@id":"https:\/\/idemach.com\/index.php\/about\/","url":"https:\/\/idemach.com\/index.php\/about\/","name":"Nosotros - idemach.com","isPartOf":{"@id":"https:\/\/idemach.com\/#website"},"datePublished":"2020-09-15T10:28:06+00:00","dateModified":"2023-08-27T00:49:28+00:00","description":"Empresa Chihuahuense especializada en fabricaci\u00f3n avanzada. Ofrecemos soluciones de fabricaci\u00f3n personalizadas y de alta calidad.","breadcrumb":{"@id":"https:\/\/idemach.com\/index.php\/about\/#breadcrumb"},"inLanguage":"en-US","potentialAction":[{"@type":"ReadAction","target":["https:\/\/idemach.com\/index.php\/about\/"]}]},{"@type":"BreadcrumbList","@id":"https:\/\/idemach.com\/index.php\/about\/#breadcrumb","itemListElement":[{"@type":"ListItem","position":1,"name":"Inicio","item":"https:\/\/idemach.com\/"},{"@type":"ListItem","position":2,"name":"Nosotros"}]},{"@type":"WebSite","@id":"https:\/\/idemach.com\/#website","url":"https:\/\/idemach.com\/","name":"idemach.com","description":"","publisher":{"@id":"https:\/\/idemach.com\/#organization"},"potentialAction":[{"@type":"SearchAction","target":{"@type":"EntryPoint","urlTemplate":"https:\/\/idemach.com\/?s={search_term_string}"},"query-input":"required name=search_term_string"}],"inLanguage":"en-US"},{"@type":"Organization","@id":"https:\/\/idemach.com\/#organization","name":"idemach.com","url":"https:\/\/idemach.com\/","logo":{"@type":"ImageObject","inLanguage":"en-US","@id":"https:\/\/idemach.com\/#\/schema\/logo\/image\/","url":"https:\/\/idemach.com\/wp-content\/uploads\/2023\/08\/blend010723194200.png","contentUrl":"https:\/\/idemach.com\/wp-content\/uploads\/2023\/08\/blend010723194200.png","width":1736,"height":727,"caption":"idemach.com"},"image":{"@id":"https:\/\/idemach.com\/#\/schema\/logo\/image\/"}}]}},"uagb_featured_image_src":{"full":false,"thumbnail":false,"medium":false,"medium_large":false,"large":false,"1536x1536":false,"2048x2048":false,"mailpoet_newsletter_max":false},"uagb_author_info":{"display_name":"idemach.com","author_link":"https:\/\/idemach.com\/index.php\/author\/idemach-com\/"},"uagb_comment_info":0,"uagb_excerpt":"Nosotros\u200b \u00a1Perm\u00edtenos ser tu socio en el camino hacia el \u00e9xito! Pasi\u00f3n y perfecci\u00f3n en cada detalle, 5 a\u00f1os y contando&#8230; Somos una empresa Chihuahuense especializada en fabricaci\u00f3n avanzada que combina creatividad con tecnolog\u00eda de vanguardia para materializar tus ideas. Ofrecemos soluciones de fabricaci\u00f3n personalizadas y de alta calidad, entregando resultados precisos y eficientes. Nos&hellip;","_links":{"self":[{"href":"https:\/\/idemach.com\/index.php\/wp-json\/wp\/v2\/pages\/9"}],"collection":[{"href":"https:\/\/idemach.com\/index.php\/wp-json\/wp\/v2\/pages"}],"about":[{"href":"https:\/\/idemach.com\/index.php\/wp-json\/wp\/v2\/types\/page"}],"author":[{"embeddable":true,"href":"https:\/\/idemach.com\/index.php\/wp-json\/wp\/v2\/users\/1"}],"replies":[{"embeddable":true,"href":"https:\/\/idemach.com\/index.php\/wp-json\/wp\/v2\/comments?post=9"}],"version-history":[{"count":59,"href":"https:\/\/idemach.com\/index.php\/wp-json\/wp\/v2\/pages\/9\/revisions"}],"predecessor-version":[{"id":1501,"href":"https:\/\/idemach.com\/index.php\/wp-json\/wp\/v2\/pages\/9\/revisions\/1501"}],"wp:attachment":[{"href":"https:\/\/idemach.com\/index.php\/wp-json\/wp\/v2\/media?parent=9"}],"curies":[{"name":"wp","href":"https:\/\/api.w.org\/{rel}","templated":true}]}}