{"id":945,"date":"2023-08-10T01:23:55","date_gmt":"2023-08-10T01:23:55","guid":{"rendered":"https:\/\/idemach.com\/?page_id=945"},"modified":"2023-08-28T04:10:54","modified_gmt":"2023-08-28T04:10:54","slug":"proximamente","status":"publish","type":"page","link":"https:\/\/idemach.com\/index.php\/servicios\/proximamente\/","title":{"rendered":"Pr\u00f3ximamente"},"content":{"rendered":"\n<p><\/p>\n\n\n\n<div class=\"wp-block-uagb-container uagb-block-c3c03179 alignfull uagb-is-root-container\"><div class=\"uagb-container-inner-blocks-wrap\">\n<div class=\"wp-block-uagb-advanced-heading uagb-block-4f24c44c\"><h1 class=\"uagb-heading-text\">Proximamente<\/h1><\/div>\n\n\n\n<div class=\"wp-block-uagb-info-box uagb-block-95b66126 uagb-infobox__content-wrap  uagb-infobox-icon-above-title uagb-infobox-image-valign-top\"><div class=\"uagb-ifb-content\"><div class=\"uagb-ifb-icon-wrap\"><svg xmlns=\"https:\/\/www.w3.org\/2000\/svg\" viewBox=\"0 0 320 512\"><path d=\"M281.6 392.3l-104 112.1c-9.498 10.24-25.69 10.24-35.19 0l-104-112.1c-6.484-6.992-8.219-17.18-4.404-25.94c3.811-8.758 12.45-14.42 21.1-14.42H128V32c0-17.69 14.33-32 32-32S192 14.31 192 32v319.9h72c9.547 0 18.19 5.66 22 14.42C289.8 375.1 288.1 385.3 281.6 392.3z\"><\/path><\/svg><\/div><div class=\"uagb-ifb-title-wrap\"><\/div><\/div><\/div>\n<\/div><\/div>\n\n\n\n<div class=\"wp-block-cover alignfull is-position-center-center\" style=\"min-height:750px;aspect-ratio:unset;\"><span aria-hidden=\"true\" class=\"wp-block-cover__background has-background-dim-70 has-background-dim\" style=\"background-color:#171717\"><\/span><img loading=\"lazy\" decoding=\"async\" width=\"600\" height=\"400\" class=\"wp-block-cover__image-background wp-image-947\" alt=\"\" src=\"http:\/\/idemach.com\/wp-content\/uploads\/2023\/08\/impresion-3d-de-metal.png\" data-object-fit=\"cover\" srcset=\"https:\/\/idemach.com\/wp-content\/uploads\/2023\/08\/impresion-3d-de-metal.png 600w, https:\/\/idemach.com\/wp-content\/uploads\/2023\/08\/impresion-3d-de-metal-300x200.png 300w\" sizes=\"(max-width: 600px) 100vw, 600px\" \/><div class=\"wp-block-cover__inner-container is-layout-flow wp-block-cover-is-layout-flow\">\n<h4 class=\"wp-block-heading has-text-align-center has-text-color\" style=\"color:#d7d7d7\">IDEMACH<\/h4>\n\n\n\n<h1 class=\"wp-block-heading has-text-align-center has-text-color\" style=\"color:#ffffff\">Metal, Capa por Capa:El Nuevo Est\u00e1ndar en Fabricaci\u00f3n Avanzada<\/h1>\n\n\n\n<p class=\"has-text-align-center has-text-color\" style=\"color:#d7d7d7\">Estamos comprometidos en perfeccionar cada etapa del proceso para brindar el mejor servicio mientras establecemos un nuevo est\u00e1ndar en la fabricaci\u00f3n avanzada. Descubre c\u00f3mo fusionamos innovaci\u00f3n y excelencia en cada pieza que forjamos.<\/p>\n<\/div><\/div>\n","protected":false},"excerpt":{"rendered":"<p>Proximamente<\/p>\n","protected":false},"author":1,"featured_media":0,"parent":10,"menu_order":7,"comment_status":"closed","ping_status":"closed","template":"","meta":{"_uag_custom_page_level_css":"","site-sidebar-layout":"no-sidebar","site-content-layout":"plain-container","ast-site-content-layout":"normal-width-container","site-content-style":"unboxed","site-sidebar-style":"unboxed","ast-global-header-display":"","ast-banner-title-visibility":"","ast-main-header-display":"","ast-hfb-above-header-display":"","ast-hfb-below-header-display":"","ast-hfb-mobile-header-display":"","site-post-title":"disabled","ast-breadcrumbs-content":"","ast-featured-img":"","footer-sml-layout":"","theme-transparent-header-meta":"enabled","adv-header-id-meta":"","stick-header-meta":"","header-above-stick-meta":"","header-main-stick-meta":"","header-below-stick-meta":"","astra-migrate-meta-layouts":"set","ast-page-background-enabled":"default","ast-page-background-meta":{"desktop":{"background-color":"","background-image":"","background-repeat":"repeat","background-position":"center center","background-size":"auto","background-attachment":"scroll","background-type":"","background-media":"","overlay-type":"","overlay-color":"","overlay-opacity":"","overlay-gradient":""},"tablet":{"background-color":"","background-image":"","background-repeat":"repeat","background-position":"center center","background-size":"auto","background-attachment":"scroll","background-type":"","background-media":"","overlay-type":"","overlay-color":"","overlay-opacity":"","overlay-gradient":""},"mobile":{"background-color":"","background-image":"","background-repeat":"repeat","background-position":"center center","background-size":"auto","background-attachment":"scroll","background-type":"","background-media":"","overlay-type":"","overlay-color":"","overlay-opacity":"","overlay-gradient":""}},"ast-content-background-meta":{"desktop":{"background-color":"var(--ast-global-color-5)","background-image":"","background-repeat":"repeat","background-position":"center center","background-size":"auto","background-attachment":"scroll","background-type":"","background-media":"","overlay-type":"","overlay-color":"","overlay-opacity":"","overlay-gradient":""},"tablet":{"background-color":"var(--ast-global-color-5)","background-image":"","background-repeat":"repeat","background-position":"center center","background-size":"auto","background-attachment":"scroll","background-type":"","background-media":"","overlay-type":"","overlay-color":"","overlay-opacity":"","overlay-gradient":""},"mobile":{"background-color":"var(--ast-global-color-5)","background-image":"","background-repeat":"repeat","background-position":"center center","background-size":"auto","background-attachment":"scroll","background-type":"","background-media":"","overlay-type":"","overlay-color":"","overlay-opacity":"","overlay-gradient":""}},"footnotes":""},"class_list":["post-945","page","type-page","status-publish","hentry"],"yoast_head":"<!-- This site is optimized with the Yoast SEO plugin v21.0 - https:\/\/yoast.com\/wordpress\/plugins\/seo\/ -->\n<title>Pr\u00f3ximamente - idemach.com<\/title>\n<meta name=\"robots\" content=\"index, follow, max-snippet:-1, max-image-preview:large, max-video-preview:-1\" \/>\n<link rel=\"canonical\" href=\"https:\/\/idemach.com\/index.php\/servicios\/proximamente\/\" \/>\n<meta property=\"og:locale\" content=\"en_US\" \/>\n<meta property=\"og:type\" content=\"article\" \/>\n<meta property=\"og:title\" content=\"Pr\u00f3ximamente - idemach.com\" \/>\n<meta property=\"og:description\" content=\"Proximamente\" \/>\n<meta property=\"og:url\" content=\"https:\/\/idemach.com\/index.php\/servicios\/proximamente\/\" \/>\n<meta property=\"og:site_name\" content=\"idemach.com\" \/>\n<meta property=\"article:modified_time\" content=\"2023-08-28T04:10:54+00:00\" \/>\n<meta property=\"og:image\" content=\"http:\/\/idemach.com\/wp-content\/uploads\/2023\/08\/impresion-3d-de-metal.png\" \/>\n<meta name=\"twitter:card\" content=\"summary_large_image\" \/>\n<meta name=\"twitter:label1\" content=\"Est. reading time\" \/>\n\t<meta name=\"twitter:data1\" content=\"1 minute\" \/>\n<script type=\"application\/ld+json\" class=\"yoast-schema-graph\">{\"@context\":\"https:\/\/schema.org\",\"@graph\":[{\"@type\":\"WebPage\",\"@id\":\"https:\/\/idemach.com\/index.php\/servicios\/proximamente\/\",\"url\":\"https:\/\/idemach.com\/index.php\/servicios\/proximamente\/\",\"name\":\"Pr\u00f3ximamente - idemach.com\",\"isPartOf\":{\"@id\":\"https:\/\/idemach.com\/#website\"},\"datePublished\":\"2023-08-10T01:23:55+00:00\",\"dateModified\":\"2023-08-28T04:10:54+00:00\",\"breadcrumb\":{\"@id\":\"https:\/\/idemach.com\/index.php\/servicios\/proximamente\/#breadcrumb\"},\"inLanguage\":\"en-US\",\"potentialAction\":[{\"@type\":\"ReadAction\",\"target\":[\"https:\/\/idemach.com\/index.php\/servicios\/proximamente\/\"]}]},{\"@type\":\"BreadcrumbList\",\"@id\":\"https:\/\/idemach.com\/index.php\/servicios\/proximamente\/#breadcrumb\",\"itemListElement\":[{\"@type\":\"ListItem\",\"position\":1,\"name\":\"Inicio\",\"item\":\"https:\/\/idemach.com\/\"},{\"@type\":\"ListItem\",\"position\":2,\"name\":\"Servicios\",\"item\":\"https:\/\/idemach.com\/index.php\/servicios\/\"},{\"@type\":\"ListItem\",\"position\":3,\"name\":\"Pr\u00f3ximamente\"}]},{\"@type\":\"WebSite\",\"@id\":\"https:\/\/idemach.com\/#website\",\"url\":\"https:\/\/idemach.com\/\",\"name\":\"idemach.com\",\"description\":\"\",\"publisher\":{\"@id\":\"https:\/\/idemach.com\/#organization\"},\"potentialAction\":[{\"@type\":\"SearchAction\",\"target\":{\"@type\":\"EntryPoint\",\"urlTemplate\":\"https:\/\/idemach.com\/?s={search_term_string}\"},\"query-input\":\"required name=search_term_string\"}],\"inLanguage\":\"en-US\"},{\"@type\":\"Organization\",\"@id\":\"https:\/\/idemach.com\/#organization\",\"name\":\"idemach.com\",\"url\":\"https:\/\/idemach.com\/\",\"logo\":{\"@type\":\"ImageObject\",\"inLanguage\":\"en-US\",\"@id\":\"https:\/\/idemach.com\/#\/schema\/logo\/image\/\",\"url\":\"https:\/\/idemach.com\/wp-content\/uploads\/2023\/08\/blend010723194200.png\",\"contentUrl\":\"https:\/\/idemach.com\/wp-content\/uploads\/2023\/08\/blend010723194200.png\",\"width\":1736,\"height\":727,\"caption\":\"idemach.com\"},\"image\":{\"@id\":\"https:\/\/idemach.com\/#\/schema\/logo\/image\/\"}}]}<\/script>\n<!-- \/ Yoast SEO plugin. -->","yoast_head_json":{"title":"Pr\u00f3ximamente - idemach.com","robots":{"index":"index","follow":"follow","max-snippet":"max-snippet:-1","max-image-preview":"max-image-preview:large","max-video-preview":"max-video-preview:-1"},"canonical":"https:\/\/idemach.com\/index.php\/servicios\/proximamente\/","og_locale":"en_US","og_type":"article","og_title":"Pr\u00f3ximamente - idemach.com","og_description":"Proximamente","og_url":"https:\/\/idemach.com\/index.php\/servicios\/proximamente\/","og_site_name":"idemach.com","article_modified_time":"2023-08-28T04:10:54+00:00","og_image":[{"url":"http:\/\/idemach.com\/wp-content\/uploads\/2023\/08\/impresion-3d-de-metal.png"}],"twitter_card":"summary_large_image","twitter_misc":{"Est. reading time":"1 minute"},"schema":{"@context":"https:\/\/schema.org","@graph":[{"@type":"WebPage","@id":"https:\/\/idemach.com\/index.php\/servicios\/proximamente\/","url":"https:\/\/idemach.com\/index.php\/servicios\/proximamente\/","name":"Pr\u00f3ximamente - idemach.com","isPartOf":{"@id":"https:\/\/idemach.com\/#website"},"datePublished":"2023-08-10T01:23:55+00:00","dateModified":"2023-08-28T04:10:54+00:00","breadcrumb":{"@id":"https:\/\/idemach.com\/index.php\/servicios\/proximamente\/#breadcrumb"},"inLanguage":"en-US","potentialAction":[{"@type":"ReadAction","target":["https:\/\/idemach.com\/index.php\/servicios\/proximamente\/"]}]},{"@type":"BreadcrumbList","@id":"https:\/\/idemach.com\/index.php\/servicios\/proximamente\/#breadcrumb","itemListElement":[{"@type":"ListItem","position":1,"name":"Inicio","item":"https:\/\/idemach.com\/"},{"@type":"ListItem","position":2,"name":"Servicios","item":"https:\/\/idemach.com\/index.php\/servicios\/"},{"@type":"ListItem","position":3,"name":"Pr\u00f3ximamente"}]},{"@type":"WebSite","@id":"https:\/\/idemach.com\/#website","url":"https:\/\/idemach.com\/","name":"idemach.com","description":"","publisher":{"@id":"https:\/\/idemach.com\/#organization"},"potentialAction":[{"@type":"SearchAction","target":{"@type":"EntryPoint","urlTemplate":"https:\/\/idemach.com\/?s={search_term_string}"},"query-input":"required name=search_term_string"}],"inLanguage":"en-US"},{"@type":"Organization","@id":"https:\/\/idemach.com\/#organization","name":"idemach.com","url":"https:\/\/idemach.com\/","logo":{"@type":"ImageObject","inLanguage":"en-US","@id":"https:\/\/idemach.com\/#\/schema\/logo\/image\/","url":"https:\/\/idemach.com\/wp-content\/uploads\/2023\/08\/blend010723194200.png","contentUrl":"https:\/\/idemach.com\/wp-content\/uploads\/2023\/08\/blend010723194200.png","width":1736,"height":727,"caption":"idemach.com"},"image":{"@id":"https:\/\/idemach.com\/#\/schema\/logo\/image\/"}}]}},"uagb_featured_image_src":{"full":false,"thumbnail":false,"medium":false,"medium_large":false,"large":false,"1536x1536":false,"2048x2048":false,"mailpoet_newsletter_max":false},"uagb_author_info":{"display_name":"idemach.com","author_link":"https:\/\/idemach.com\/index.php\/author\/idemach-com\/"},"uagb_comment_info":0,"uagb_excerpt":"Proximamente","_links":{"self":[{"href":"https:\/\/idemach.com\/index.php\/wp-json\/wp\/v2\/pages\/945"}],"collection":[{"href":"https:\/\/idemach.com\/index.php\/wp-json\/wp\/v2\/pages"}],"about":[{"href":"https:\/\/idemach.com\/index.php\/wp-json\/wp\/v2\/types\/page"}],"author":[{"embeddable":true,"href":"https:\/\/idemach.com\/index.php\/wp-json\/wp\/v2\/users\/1"}],"replies":[{"embeddable":true,"href":"https:\/\/idemach.com\/index.php\/wp-json\/wp\/v2\/comments?post=945"}],"version-history":[{"count":7,"href":"https:\/\/idemach.com\/index.php\/wp-json\/wp\/v2\/pages\/945\/revisions"}],"predecessor-version":[{"id":1577,"href":"https:\/\/idemach.com\/index.php\/wp-json\/wp\/v2\/pages\/945\/revisions\/1577"}],"up":[{"embeddable":true,"href":"https:\/\/idemach.com\/index.php\/wp-json\/wp\/v2\/pages\/10"}],"wp:attachment":[{"href":"https:\/\/idemach.com\/index.php\/wp-json\/wp\/v2\/media?parent=945"}],"curies":[{"name":"wp","href":"https:\/\/api.w.org\/{rel}","templated":true}]}}